{"id":291,"date":"2013-07-18T15:51:29","date_gmt":"2013-07-18T13:51:29","guid":{"rendered":"http:\/\/localhost\/wp_react\/?page_id=291"},"modified":"2018-10-18T15:04:04","modified_gmt":"2018-10-18T13:04:04","slug":"legalnotice","status":"publish","type":"page","link":"https:\/\/speedlog.de\/en\/legalnotice\/","title":{"rendered":"Legal Notice"},"content":{"rendered":"<p>F\u00fcr den Inhalt dieser Website, insbesondere f\u00fcr die Verwendung und Darstellung der Bilder<br \/>\nund Grafiken, ist die Firma:<br \/>\nSpeedlog GmbH \u2014 Internationale Spedition<br \/>\nGesch\u00e4ftsf\u00fchrer:<br \/>\nGrigo Simsek<\/p>\n<p>Anschrift:<br \/>\nObervellmarsche Str. 98-100<br \/>\n34246 Vellmar<\/p>\n<p>Kontakt:<br \/>\nTel.: +49 561 &#8211; 589 468 -0<br \/>\nFax: +49 561 &#8211; 589 468 -200<br \/>\nE-Mail : info@speedlog.de<\/p>\n<p>Handelsregister : HRB 15286 \/ Amtsgericht Kassel<br \/>\nUSt-ID-Nr : DE273 298 237<\/p>\n<p>verantwortlich.<\/p>\n<p>Rechtliche Hinweise:<br \/>\nDie Firma Speedlog GmbH &#8211; Internationale Spedition pr\u00fcft und aktualisiert die Informationen auf ihren Webseiten st\u00e4ndig. Trotz aller Sorgfalt k\u00f6nnen sich die Daten inzwischen ver\u00e4ndert haben. Eine Haftung oder Garantie f\u00fcr die Aktualit\u00e4t, Richtigkeit und Vollst\u00e4ndigkeit der zur Verf\u00fcgung gestellten Informationen kann daher nicht \u00fcbernommen werden. Gleiches gilt auch f\u00fcr alle anderen Webseiten, auf die mittels Hyperlink verwiesen wird. Die Firma Speedlog GmbH &#8211; Internationale Spedition ist f\u00fcr den Inhalt der Webseiten, die aufgrund einer solchen Verbindung erreicht werden, nicht verantwortlich.<\/p>\n<p>Des Weiteren beh\u00e4lt sich die Firma Speedlog GmbH &#8211; Internationale Spedition das Recht vor, \u00c4nderungen oder Erg\u00e4nzungen der bereitgestellten Informationen vorzunehmen.<\/p>\n<p>Inhalt und Struktur der Website der Firma Speedlog GmbH &#8211; Internationale Spedition sind urheberrechtlich gesch\u00fctzt. Die Vervielf\u00e4ltigung von Informationen oder Daten, insbesondere die Verwendung von Texten, Textteilen oder Bildmaterial, bedarf der vorherigen Zustimmung.<\/p>\n<p>Quellenangaben f\u00fcr die verwendeten Bilder und Grafiken:<br \/>\nfotolia\u00a9 JackF<br \/>\nfotolia\u00a9 Arsel<br \/>\nfotolia\u00a9 jeayesy<br \/>\nfotolia\u00a9 Gerhard Seybert<br \/>\nfotolia\u00a9 deform<br \/>\nfotolia\u00a9 emscherbild<br \/>\nfotolia \u00a9 Udo Kroener<br \/>\nfotolia \u00a9 myfoto7<br \/>\nfotolia \u00a9 Christophe Fouquin<br \/>\nfotolia \u00a9 Cybrain<br \/>\nfotolia \u00a9 industrieblick<br \/>\nfotolia \u00a9 Torsten<\/p>\n","protected":false},"excerpt":{"rendered":"<p>F\u00fcr den Inhalt dieser Website, insbesondere f\u00fcr die Verwendung und Darstellung der Bilder und Grafiken, ist die Firma: Speedlog GmbH \u2014 Internationale Spedition Gesch\u00e4ftsf\u00fchrer: Grigo Simsek Anschrift: Obervellmarsche Str. 98-100 34246 Vellmar Kontakt: Tel.: +49 561 &#8211; 589 468 -0 Fax: +49 561 &#8211; 589 468 -200 E-Mail : info@speedlog.de Handelsregister : HRB 15286 \/&#8230;<\/p>\n","protected":false},"author":1,"featured_media":0,"parent":0,"menu_order":0,"comment_status":"closed","ping_status":"closed","template":"","meta":{"footnotes":""},"_links":{"self":[{"href":"https:\/\/speedlog.de\/en\/wp-json\/wp\/v2\/pages\/291"}],"collection":[{"href":"https:\/\/speedlog.de\/en\/wp-json\/wp\/v2\/pages"}],"about":[{"href":"https:\/\/speedlog.de\/en\/wp-json\/wp\/v2\/types\/page"}],"author":[{"embeddable":true,"href":"https:\/\/speedlog.de\/en\/wp-json\/wp\/v2\/users\/1"}],"replies":[{"embeddable":true,"href":"https:\/\/speedlog.de\/en\/wp-json\/wp\/v2\/comments?post=291"}],"version-history":[{"count":10,"href":"https:\/\/speedlog.de\/en\/wp-json\/wp\/v2\/pages\/291\/revisions"}],"predecessor-version":[{"id":3021,"href":"https:\/\/speedlog.de\/en\/wp-json\/wp\/v2\/pages\/291\/revisions\/3021"}],"wp:attachment":[{"href":"https:\/\/speedlog.de\/en\/wp-json\/wp\/v2\/media?parent=291"}],"curies":[{"name":"wp","href":"https:\/\/api.w.org\/{rel}","templated":true}]}}