{"id":15,"date":"2014-12-02T10:52:49","date_gmt":"2014-12-02T10:52:49","guid":{"rendered":"http:\/\/mpctest2.wpengine.com\/?page_id=15"},"modified":"2020-02-05T13:24:50","modified_gmt":"2020-02-05T12:24:50","slug":"home-2","status":"publish","type":"page","link":"https:\/\/speedlog.de\/es\/","title":{"rendered":"Home"},"content":{"rendered":"<p>[vc_row full_width=&#8220;stretch_row&#8220; content_placement=&#8220;middle&#8220; overlay_color=&#8220;#ffffff&#8220; overlay_color_opacity=&#8220;40&#8243; overlay_pattern_opacity=&#8220;50&#8243; toc_id=&#8220;about_us&#8220; css=&#8220;.vc_custom_1580905425070{margin-top: -30px !important;margin-bottom: 0px !important;padding-top: 100px !important;padding-bottom: 40px !important;background-image: url(https:\/\/speedlog.de\/es\/wp-content\/uploads\/sites\/10\/2016\/12\/speedlog-landtransport-bg.jpg?id=2811) !important;background-position: center !important;background-repeat: no-repeat !important;background-size: cover !important;}&#8220;][vc_column][vc_row_inner css=&#8220;.vc_custom_1418289986694{margin-bottom: -20px !important;}&#8220;][vc_column_inner][vc_custom_heading text=&#8220;BIENVENIDO A SPEEDLOG&#8220; font_container=&#8220;tag:h2|font_size:45|text_align:center|color:%23ffffff|line_height:1&#8243; use_theme_fonts=&#8220;yes&#8220;][\/vc_column_inner][\/vc_row_inner][vc_row_inner][vc_column_inner][vc_separator color=&#8220;custom&#8220; el_width=&#8220;20&#8243; accent_color=&#8220;#ededed&#8220;][\/vc_column_inner][\/vc_row_inner][vc_row_inner css=&#8220;.vc_custom_1481102927639{margin-top: -50px !important;margin-bottom: 40px !important;}&#8220;][vc_column_inner][vc_custom_heading text=&#8220;Transporte y Log\u00edstica Internacional en el coraz\u00f3n de Alemania&#8220; font_container=&#8220;tag:h3|font_size:36|text_align:center|color:%23ffffff|line_height:1.9&#8243; use_theme_fonts=&#8220;yes&#8220;][\/vc_column_inner][\/vc_row_inner][\/vc_column][\/vc_row][vc_row full_width=&#8220;stretch_row&#8220; overlay_color=&#8220;#1c1c1c&#8220; overlay_color_opacity=&#8220;40&#8243; overlay_pattern=&#8220;143&#8243; overlay_pattern_opacity=&#8220;50&#8243; toc_id=&#8220;about_us&#8220; el_class=&#8220;gray-arrow&#8220; css=&#8220;.vc_custom_1481102721333{margin-top: 0px !important;margin-bottom: 0px !important;padding-top: 60px !important;padding-bottom: 60px !important;}&#8220;][vc_column][vc_row_inner css=&#8220;.vc_custom_1418289986694{margin-bottom: -20px !important;}&#8220;][vc_column_inner][vc_custom_heading text=&#8220;Servicios&#8220; font_container=&#8220;tag:h2|text_align:center|color:%23003887|line_height:1&#8243; use_theme_fonts=&#8220;yes&#8220;][\/vc_column_inner][\/vc_row_inner][vc_row_inner][vc_column_inner][vc_separator color=&#8220;custom&#8220; el_width=&#8220;20&#8243; accent_color=&#8220;#ededed&#8220;][\/vc_column_inner][\/vc_row_inner][vc_row_inner css=&#8220;.vc_custom_1481102927639{margin-top: -50px !important;margin-bottom: 40px !important;}&#8220;][vc_column_inner][vc_custom_heading text=&#8220;Nuestra principal competencia son los transportes de mercanc\u00edas a nivel nacional e internacional. Dentro del mundo del transporte nos hemos especializado sobre todo en transportes de mercanc\u00edas de grandes dimensiones y\/o peso fuera de los est\u00e1ndares habituales, solamente realizables con los permisos correspondientes y en el transporte de mercanc\u00edas urgentes. Pero tambi\u00e9n sus solicitudes de transportes con dimensiones y pesos \u201cnormales\u201d son para nosotros algo muy especial y tendr\u00e1n su debida atenci\u00f3n.&#8220; font_container=&#8220;tag:p|font_size:22|text_align:center|color:%23ffffff|line_height:1.9&#8243; use_theme_fonts=&#8220;yes&#8220;][\/vc_column_inner][\/vc_row_inner][\/vc_column][\/vc_row][vc_row overlay_pattern_opacity=&#8220;50&#8243; toc_id=&#8220;about_us&#8220; css=&#8220;.vc_custom_1418719633942{padding-top: 50px !important;}&#8220;][vc_column][vc_row_inner el_class=&#8220;align-center&#8220; css=&#8220;.vc_custom_1418200252912{margin-top: -20px !important;}&#8220;][vc_column_inner width=&#8220;1\/3&#8243;][vc_custom_heading text=&#8220;TRANSPORTES TERRESTRES&#8220; font_container=&#8220;tag:h4|font_size:20|text_align:center|color:%23ffffff|line_height:1.9&#8243; use_theme_fonts=&#8220;yes&#8220; link=&#8220;url:http%3A%2F%2Fspeedlog.de%2Fes%2Fservicios%2Ftransporte-terrestre%2F|||&#8220; css=&#8220;.vc_custom_1539761333967{margin-bottom: 0px !important;padding-top: 30px !important;padding-right: 20px !important;padding-bottom: 20px !important;padding-left: 20px !important;background-color: #003887 !important;}&#8220;][vc_custom_heading text=&#8220;Precios justos,<br \/>\nveh\u00edculos adecuados<br \/>\npara sus productos<br \/>\ny ch\u00f3feres<br \/>\nde confianza.&#8220; font_container=&#8220;tag:p|font_size:16|text_align:center|color:%23ffffff|line_height:1.9&#8243; use_theme_fonts=&#8220;yes&#8220; link=&#8220;url:http%3A%2F%2Fspeedlog.de%2Fes%2Fservicios%2Ftransporte-terrestre%2F|||&#8220; css=&#8220;.vc_custom_1539761603694{margin-top: 0px !important;margin-bottom: 0px !important;padding-top: 10px !important;padding-right: 20px !important;padding-bottom: 30px !important;padding-left: 20px !important;background-color: #003887 !important;}&#8220;][vc_single_image image=&#8220;2610&#8243; img_size=&#8220;360&#215;320&#8243; alignment=&#8220;center&#8220; css=&#8220;.vc_custom_1481029617519{margin-top: 0px !important;padding-top: 0px !important;}&#8220;][\/vc_column_inner][vc_column_inner width=&#8220;1\/3&#8243;][vc_custom_heading text=&#8220;TRANSPORTES ESPECIALES&#8220; font_container=&#8220;tag:h4|font_size:20|text_align:center|color:%23ffffff|line_height:1.9&#8243; use_theme_fonts=&#8220;yes&#8220; link=&#8220;url:http%3A%2F%2Fspeedlog.de%2Fes%2Fservicios%2Ftransportes-especiales%2F|||&#8220; css=&#8220;.vc_custom_1539761365555{margin-bottom: 0px !important;padding-top: 30px !important;padding-right: 20px !important;padding-bottom: 20px !important;padding-left: 20px !important;background-color: #003887 !important;}&#8220;][vc_custom_heading text=&#8220;Dimensiones especiales , tanto por largo, como por ancho y por alto\u2026&#8220; font_container=&#8220;tag:p|font_size:16|text_align:center|color:%23ffffff|line_height:1.9&#8243; use_theme_fonts=&#8220;yes&#8220; link=&#8220;url:http%3A%2F%2Fspeedlog.de%2Fes%2Fservicios%2Ftransportes-especiales%2F|||&#8220; css=&#8220;.vc_custom_1539761626833{margin-top: 0px !important;margin-bottom: 0px !important;padding-top: 10px !important;padding-right: 20px !important;padding-bottom: 30px !important;padding-left: 20px !important;background-color: #003887 !important;}&#8220;][vc_custom_heading text=&#8220;Speedlog lo hace posible, por todo el mundo.&#8220; font_container=&#8220;tag:p|font_size:16|text_align:center|color:%23ffffff|line_height:1.9&#8243; use_theme_fonts=&#8220;yes&#8220; link=&#8220;url:http%3A%2F%2Fspeedlog.de%2Fes%2Fservicios%2Ftransportes-especiales%2F|||&#8220; css=&#8220;.vc_custom_1539761637655{margin-top: 0px !important;margin-bottom: 0px !important;padding-top: 0px !important;padding-right: 20px !important;padding-bottom: 30px !important;padding-left: 20px !important;background-color: #003887 !important;}&#8220;][vc_single_image image=&#8220;2481&#8243; img_size=&#8220;360&#215;320&#8243; alignment=&#8220;center&#8220; css=&#8220;.vc_custom_1481030213165{margin-top: 0px !important;padding-top: 0px !important;}&#8220;][\/vc_column_inner][vc_column_inner width=&#8220;1\/3&#8243;][vc_custom_heading text=&#8220;SERVICIOS DE GR\u00daA&#8220; font_container=&#8220;tag:h4|font_size:20|text_align:center|color:%23ffffff|line_height:1.9&#8243; use_theme_fonts=&#8220;yes&#8220; link=&#8220;url:http%3A%2F%2Fspeedlog.de%2Fes%2Fservicios%2Fservicios-de-grua%2F|||&#8220; css=&#8220;.vc_custom_1539761670618{margin-bottom: 0px !important;padding-top: 30px !important;padding-right: 20px !important;padding-bottom: 20px !important;padding-left: 20px !important;background-color: #003887 !important;}&#8220;][vc_custom_heading text=&#8220;Nos encargamos tambi\u00e9n para usted de las cargas, descargas y transbordos de su mercanc\u00eda con camiones de gr\u00faas autocargantes de capacidad hasta 160 toneladas. &#8220; font_container=&#8220;tag:p|font_size:16|text_align:center|color:%23ffffff|line_height:1.9&#8243; use_theme_fonts=&#8220;yes&#8220; link=&#8220;url:http%3A%2F%2Fspeedlog.de%2Fes%2Fservicios%2Fservicios-de-grua%2F|||&#8220; css=&#8220;.vc_custom_1539761387228{margin-top: 0px !important;margin-bottom: 0px !important;padding-top: 10px !important;padding-right: 20px !important;padding-bottom: 30px !important;padding-left: 20px !important;background-color: #003887 !important;}&#8220;][vc_single_image image=&#8220;2486&#8243; img_size=&#8220;360&#215;320&#8243; alignment=&#8220;center&#8220; css=&#8220;.vc_custom_1481030323273{margin-top: 0px !important;padding-top: 0px !important;}&#8220;][\/vc_column_inner][\/vc_row_inner][vc_row_inner content_placement=&#8220;middle&#8220; el_class=&#8220;align-center&#8220; css=&#8220;.vc_custom_1481051595354{margin-top: -20px !important;}&#8220;][vc_column_inner width=&#8220;1\/3&#8243;][vc_custom_heading text=&#8220;TRANSPORTES MAR\u00cdTIMOS&#8220; font_container=&#8220;tag:h4|font_size:20|text_align:center|color:%23ffffff|line_height:1.9&#8243; use_theme_fonts=&#8220;yes&#8220; link=&#8220;url:http%3A%2F%2Fspeedlog.de%2Fes%2Fservicios%2Ftransporte-maritimo%2F|||&#8220; css=&#8220;.vc_custom_1539761705957{margin-bottom: 0px !important;padding-top: 30px !important;padding-right: 20px !important;padding-bottom: 20px !important;padding-left: 20px !important;background-color: #003887 !important;}&#8220;][vc_custom_heading text=&#8220;Nuestros experimentados empleados del departamento mar\u00edtimo se encargan de sus embarques\u2026en todo el mundo.&#8220; font_container=&#8220;tag:p|font_size:16|text_align:center|color:%23ffffff|line_height:1.9&#8243; use_theme_fonts=&#8220;yes&#8220; link=&#8220;url:http%3A%2F%2Fspeedlog.de%2Fes%2Fservicios%2Ftransporte-maritimo%2F|||&#8220; css=&#8220;.vc_custom_1539761407621{margin-top: 0px !important;margin-bottom: 0px !important;padding-top: 10px !important;padding-right: 20px !important;padding-bottom: 30px !important;padding-left: 20px !important;background-color: #003887 !important;}&#8220;][vc_single_image image=&#8220;2263&#8243; img_size=&#8220;360&#215;320&#8243; alignment=&#8220;center&#8220; css=&#8220;.vc_custom_1481031047104{margin-top: 0px !important;padding-top: 0px !important;}&#8220;][\/vc_column_inner][vc_column_inner width=&#8220;1\/3&#8243;][vc_custom_heading text=&#8220;TRANSPORTES A\u00c9REOS&#8220; font_container=&#8220;tag:h4|font_size:20|text_align:center|color:%23ffffff|line_height:1.9&#8243; use_theme_fonts=&#8220;yes&#8220; link=&#8220;url:http%3A%2F%2Fspeedlog.de%2Fes%2Fservicios%2Ftransporte-aereo%2F|||&#8220; css=&#8220;.vc_custom_1539761734955{margin-bottom: 0px !important;padding-top: 30px !important;padding-right: 20px !important;padding-bottom: 20px !important;padding-left: 20px !important;background-color: #003887 !important;}&#8220;][vc_custom_heading text=&#8220;Le ofrecemos tr\u00e1nsitos r\u00e1pidos<br \/>\ncon plazos de entrega<br \/>\ncortos y una gran fiabilidad.&#8220; font_container=&#8220;tag:p|font_size:16|text_align:center|color:%23ffffff|line_height:1.9&#8243; use_theme_fonts=&#8220;yes&#8220; link=&#8220;url:http%3A%2F%2Fspeedlog.de%2Fes%2Fservicios%2Ftransporte-aereo%2F|||&#8220; css=&#8220;.vc_custom_1539761443689{margin-top: 0px !important;margin-bottom: 0px !important;padding-top: 10px !important;padding-right: 20px !important;padding-bottom: 30px !important;padding-left: 20px !important;background-color: #003887 !important;}&#8220;][vc_single_image image=&#8220;2259&#8243; img_size=&#8220;360&#215;320&#8243; alignment=&#8220;center&#8220; css=&#8220;.vc_custom_1481030399727{margin-top: 0px !important;padding-top: 0px !important;}&#8220;][\/vc_column_inner][vc_column_inner width=&#8220;1\/3&#8243;][vc_custom_heading text=&#8220;ADUANAS&#8220; font_container=&#8220;tag:h4|font_size:20|text_align:center|color:%23ffffff|line_height:1.9&#8243; use_theme_fonts=&#8220;yes&#8220; link=&#8220;url:http%3A%2F%2Fspeedlog.de%2Fes%2Fservicios%2Faduanas%2F|||&#8220; css=&#8220;.vc_custom_1539761758625{margin-bottom: 0px !important;padding-top: 30px !important;padding-right: 20px !important;padding-bottom: 20px !important;padding-left: 20px !important;background-color: #003887 !important;}&#8220;][vc_custom_heading text=&#8220;Aprov\u00e9chese de nuestros servicios aduaneros como lo hacen ya otros muchos clientes. Nosotros lo arreglamos para usted.&#8220; font_container=&#8220;tag:p|font_size:16|text_align:center|color:%23ffffff|line_height:1.9&#8243; use_theme_fonts=&#8220;yes&#8220; link=&#8220;url:http%3A%2F%2Fspeedlog.de%2Fes%2Fservicios%2Faduanas%2F|||&#8220; css=&#8220;.vc_custom_1539761465220{margin-top: 0px !important;margin-bottom: 0px !important;padding-top: 10px !important;padding-right: 20px !important;padding-bottom: 30px !important;padding-left: 20px !important;background-color: #003887 !important;}&#8220;][vc_single_image image=&#8220;2574&#8243; img_size=&#8220;360&#215;320&#8243; alignment=&#8220;center&#8220; css=&#8220;.vc_custom_1481031180172{margin-top: 0px !important;padding-top: 0px !important;}&#8220;][\/vc_column_inner][\/vc_row_inner][vc_row_inner content_placement=&#8220;middle&#8220; el_class=&#8220;align-center&#8220; css=&#8220;.vc_custom_1481051595354{margin-top: -20px !important;}&#8220;][vc_column_inner width=&#8220;1\/3&#8243;][vc_custom_heading text=&#8220;LOG\u00cdSTICA DE PROYECTOS&#8220; font_container=&#8220;tag:h4|font_size:20|text_align:center|color:%23ffffff|line_height:1.9&#8243; use_theme_fonts=&#8220;yes&#8220; link=&#8220;url:http%3A%2F%2Fspeedlog.de%2Fes%2Fservicios%2Flogistica-de-proyectos%2F|||&#8220; css=&#8220;.vc_custom_1539761489241{margin-bottom: 0px !important;padding-top: 30px !important;padding-right: 20px !important;padding-bottom: 20px !important;padding-left: 20px !important;background-color: #003887 !important;}&#8220;][vc_custom_heading text=&#8220;Nuestro departamento \u201cLog\u00edstica<br \/>\nde proyectos\u201c le ofrece todo el<br \/>\nproceso log\u00edstico de sus<br \/>\nproyectos llave en mano.&#8220; font_container=&#8220;tag:p|font_size:16|text_align:center|color:%23ffffff|line_height:1.9&#8243; use_theme_fonts=&#8220;yes&#8220; link=&#8220;url:http%3A%2F%2Fspeedlog.de%2Fes%2Fservicios%2Flogistica-de-proyectos%2F|||&#8220; css=&#8220;.vc_custom_1539761790199{margin-top: 0px !important;margin-bottom: 0px !important;padding-top: 10px !important;padding-right: 20px !important;padding-bottom: 30px !important;padding-left: 20px !important;background-color: #003887 !important;}&#8220;][vc_single_image image=&#8220;2573&#8243; img_size=&#8220;360&#215;320&#8243; alignment=&#8220;center&#8220; css=&#8220;.vc_custom_1481031448305{margin-top: 0px !important;padding-top: 0px !important;}&#8220;][\/vc_column_inner][vc_column_inner width=&#8220;1\/3&#8243;][vc_custom_heading text=&#8220;ALMACENAJE&#8220; font_container=&#8220;tag:h4|font_size:20|text_align:center|color:%23ffffff|line_height:1.9&#8243; use_theme_fonts=&#8220;yes&#8220; link=&#8220;url:http%3A%2F%2Fspeedlog.de%2Fes%2Fservicios%2Falmacenaje%2F|||&#8220; css=&#8220;.vc_custom_1539761513742{margin-bottom: 0px !important;padding-top: 30px !important;padding-right: 20px !important;padding-bottom: 20px !important;padding-left: 20px !important;background-color: #003887 !important;}&#8220;][vc_custom_heading text=&#8220;Disponemos de m\u00e1s de 2000 m2 de almac\u00e9n interior. Su mercanc\u00eda estar\u00e1 almacenada y ubicada de manera seca y segura. D\u00e9jenos demostr\u00e1rselo.&#8220; font_container=&#8220;tag:p|font_size:16|text_align:center|color:%23ffffff|line_height:1.9&#8243; use_theme_fonts=&#8220;yes&#8220; link=&#8220;url:http%3A%2F%2Fspeedlog.de%2Fes%2Fservicios%2Falmacenaje%2F|||&#8220; css=&#8220;.vc_custom_1539761817702{margin-top: 0px !important;margin-bottom: 0px !important;padding-top: 10px !important;padding-right: 20px !important;padding-bottom: 30px !important;padding-left: 20px !important;background-color: #003887 !important;}&#8220;][vc_single_image image=&#8220;2572&#8243; img_size=&#8220;360&#215;320&#8243; alignment=&#8220;center&#8220; css=&#8220;.vc_custom_1481031323557{margin-top: 0px !important;padding-top: 0px !important;}&#8220;][\/vc_column_inner][vc_column_inner width=&#8220;1\/3&#8243;][vc_custom_heading text=&#8220;Embalaje&#8220; font_container=&#8220;tag:h4|font_size:20|text_align:center|color:%23ffffff|line_height:1.9&#8243; use_theme_fonts=&#8220;yes&#8220; link=&#8220;url:http%3A%2F%2Fspeedlog.de%2Fes%2Fservicios%2Fembalaje|||&#8220; css=&#8220;.vc_custom_1551175019335{margin-bottom: 0px !important;padding-top: 30px !important;padding-right: 20px !important;padding-bottom: 20px !important;padding-left: 20px !important;background-color: #003887 !important;}&#8220;][vc_custom_heading text=&#8220;Aprov\u00e9chese de nuestros especialistas para: Montaje y desmontaje industrial, Prestaci\u00f3n de servicios a la industria auxiliar, Embalajes simples de mercanc\u00edas, &#8230;&#8220; font_container=&#8220;tag:p|font_size:16|text_align:center|color:%23ffffff|line_height:1.9&#8243; use_theme_fonts=&#8220;yes&#8220; link=&#8220;url:http%3A%2F%2Fspeedlog.de%2Fes%2Fservicios%2Fembalaje|||&#8220; css=&#8220;.vc_custom_1551175359683{margin-top: 0px !important;margin-bottom: 0px !important;padding-top: 10px !important;padding-right: 20px !important;padding-bottom: 30px !important;padding-left: 20px !important;background-color: #003887 !important;}&#8220;][vc_single_image image=&#8220;2571&#8243; img_size=&#8220;360&#215;320&#8243; alignment=&#8220;center&#8220; css=&#8220;.vc_custom_1481052153344{margin-top: 0px !important;padding-top: 0px !important;}&#8220;][\/vc_column_inner][\/vc_row_inner][vc_row_inner content_placement=&#8220;middle&#8220; el_class=&#8220;align-center&#8220; css=&#8220;.vc_custom_1481051595354{margin-top: -20px !important;}&#8220;][vc_column_inner width=&#8220;1\/3&#8243;][vc_custom_heading text=&#8220;Comercio de palets&#8220; font_container=&#8220;tag:h4|font_size:20|text_align:center|color:%23ffffff|line_height:1.9&#8243; use_theme_fonts=&#8220;yes&#8220; link=&#8220;url:http%3A%2F%2Fspeedlog.de%2Fes%2Fservicios%2Fcomercio-de-palets%2F|||&#8220; css=&#8220;.vc_custom_1539869929366{margin-bottom: 0px !important;padding-top: 30px !important;padding-right: 20px !important;padding-bottom: 20px !important;padding-left: 20px !important;background-color: #003887 !important;}&#8220;][vc_custom_heading text=&#8220;Les ofrecemos en las calidades : de fabrica, nuevos y seminuevos \/ usados Palets europeos &amp; Cajas met\u00e1licas de rejilla europeos.&#8220; font_container=&#8220;tag:p|font_size:16|text_align:center|color:%23ffffff|line_height:1.9&#8243; use_theme_fonts=&#8220;yes&#8220; link=&#8220;url:http%3A%2F%2Fspeedlog.de%2Fes%2Fservicios%2Fcomercio-de-palets%2F|||&#8220; css=&#8220;.vc_custom_1539869965310{margin-top: 0px !important;margin-bottom: 0px !important;padding-top: 10px !important;padding-right: 20px !important;padding-bottom: 30px !important;padding-left: 20px !important;background-color: #003887 !important;}&#8220;][vc_single_image image=&#8220;3114&#8243; img_size=&#8220;360&#215;320&#8243; alignment=&#8220;center&#8220; css=&#8220;.vc_custom_1539869977569{margin-top: 0px !important;padding-top: 0px !important;}&#8220;][\/vc_column_inner][\/vc_row_inner][\/vc_column][\/vc_row][vc_row overlay_pattern_opacity=&#8220;50&#8243; css=&#8220;.vc_custom_1481098122079{margin-top: 20px !important;margin-bottom: 50px !important;padding-top: 60px !important;}&#8220; toc_id=&#8220;our_work&#8220;][vc_column][vc_row_inner css=&#8220;.vc_custom_1418289859260{margin-bottom: -20px !important;}&#8220;][vc_column_inner][vc_custom_heading text=&#8220;Noticias&#8220; font_container=&#8220;tag:h2|text_align:center|color:%23003887|line_height:1&#8243; use_theme_fonts=&#8220;yes&#8220;][\/vc_column_inner][\/vc_row_inner][vc_row_inner css=&#8220;.vc_custom_1481098024750{margin-bottom: 30px !important;}&#8220;][vc_column_inner][vc_separator color=&#8220;custom&#8220; el_width=&#8220;20&#8243; accent_color=&#8220;#ededed&#8220;][\/vc_column_inner][\/vc_row_inner][vc_empty_space height=&#8220;10px&#8220;][mpc_vc_blog_posts_slider category=&#8220;70&#8243; tag=&#8220;all&#8220;][\/vc_column][\/vc_row]<\/p>\n","protected":false},"excerpt":{"rendered":"<p>[vc_row full_width=&#8220;stretch_row&#8220; content_placement=&#8220;middle&#8220; overlay_color=&#8220;#ffffff&#8220; overlay_color_opacity=&#8220;40&#8243; overlay_pattern_opacity=&#8220;50&#8243; toc_id=&#8220;about_us&#8220; css=&#8220;.vc_custom_1580905425070{margin-top: -30px !important;margin-bottom: 0px !important;padding-top: 100px !important;padding-bottom: 40px !important;background-image: url(https:\/\/speedlog.de\/es\/wp-content\/uploads\/sites\/10\/2016\/12\/speedlog-landtransport-bg.jpg?id=2811) !important;background-position: center !important;background-repeat: no-repeat !important;background-size: cover !important;}&#8220;][vc_column][vc_row_inner css=&#8220;.vc_custom_1418289986694{margin-bottom: -20px !important;}&#8220;][vc_column_inner][vc_custom_heading text=&#8220;BIENVENIDO A SPEEDLOG&#8220; font_container=&#8220;tag:h2|font_size:45|text_align:center|color:%23ffffff|line_height:1&#8243; use_theme_fonts=&#8220;yes&#8220;][\/vc_column_inner][\/vc_row_inner][vc_row_inner][vc_column_inner][vc_separator color=&#8220;custom&#8220; el_width=&#8220;20&#8243; accent_color=&#8220;#ededed&#8220;][\/vc_column_inner][\/vc_row_inner][vc_row_inner css=&#8220;.vc_custom_1481102927639{margin-top: -50px !important;margin-bottom: 40px !important;}&#8220;][vc_column_inner][vc_custom_heading text=&#8220;Transporte y Log\u00edstica Internacional en el coraz\u00f3n de Alemania&#8220; font_container=&#8220;tag:h3|font_size:36|text_align:center|color:%23ffffff|line_height:1.9&#8243; use_theme_fonts=&#8220;yes&#8220;][\/vc_column_inner][\/vc_row_inner][\/vc_column][\/vc_row][vc_row full_width=&#8220;stretch_row&#8220; overlay_color=&#8220;#1c1c1c&#8220; overlay_color_opacity=&#8220;40&#8243; overlay_pattern=&#8220;143&#8243;&#8230;<\/p>\n","protected":false},"author":1,"featured_media":0,"parent":0,"menu_order":0,"comment_status":"closed","ping_status":"closed","template":"template-fullwidth.php","meta":{"footnotes":""},"_links":{"self":[{"href":"https:\/\/speedlog.de\/es\/wp-json\/wp\/v2\/pages\/15"}],"collection":[{"href":"https:\/\/speedlog.de\/es\/wp-json\/wp\/v2\/pages"}],"about":[{"href":"https:\/\/speedlog.de\/es\/wp-json\/wp\/v2\/types\/page"}],"author":[{"embeddable":true,"href":"https:\/\/speedlog.de\/es\/wp-json\/wp\/v2\/users\/1"}],"replies":[{"embeddable":true,"href":"https:\/\/speedlog.de\/es\/wp-json\/wp\/v2\/comments?post=15"}],"version-history":[{"count":112,"href":"https:\/\/speedlog.de\/es\/wp-json\/wp\/v2\/pages\/15\/revisions"}],"predecessor-version":[{"id":3210,"href":"https:\/\/speedlog.de\/es\/wp-json\/wp\/v2\/pages\/15\/revisions\/3210"}],"wp:attachment":[{"href":"https:\/\/speedlog.de\/es\/wp-json\/wp\/v2\/media?parent=15"}],"curies":[{"name":"wp","href":"https:\/\/api.w.org\/{rel}","templated":true}]}}