{"id":2372,"date":"2015-12-15T20:04:24","date_gmt":"2015-12-15T19:04:24","guid":{"rendered":"http:\/\/speedlog.de\/es\/?page_id=2372"},"modified":"2016-12-13T14:15:35","modified_gmt":"2016-12-13T13:15:35","slug":"servicios","status":"publish","type":"page","link":"https:\/\/speedlog.de\/es\/servicios\/","title":{"rendered":"Servicios"},"content":{"rendered":"<p>[row]<\/p>\n<p>[span12]<\/p>\n<p>[spacer]<br \/>\n[spacer]<br \/>\n[title_box title=&#8220;Willkommen bei Speedlog&#8220; subtitle=&#8220;Internationale Spedition &amp; Logistik im Herzen von Deutschland<\/p>\n<p>Unsere Kernkompetenz sind Ihre nationalen und internationalen Transporte. Dabei haben wir uns besonders auf G\u00fcter spezialisiert, deren Ma\u00dfe und\/oder Gewichte die \u00fcblichen Standards \u00fcberschreiten oder die besonders zeitsensibel sind. Nat\u00fcrlich sind auch Ihre Transporte mit normalen Abmessungen und Gewichten bei uns etwas Besonderes und erhalten unsere ganze Aufmerksamkeit.&#8220;]<\/p>\n<p>[\/span12]<\/p>\n<p>[\/row]<br \/>\n[row]<br \/>\n[span3]<br \/>\n[content_box]<br \/>\n[banner img=&#8220;https:\/\/speedlog.de\/wp-content\/uploads\/sites\/10\/2016\/04\/speedlog-internationale-spedition-landtransport-klein-454&#215;377.jpg&#8220; banner_link=&#8220;https:\/\/speedlog.de\/es\/service\/landtransport\/&#8220; title=&#8220;Landtransporte&#8220; text=&#8220;Faire Preise, zu Ihren Produkten passende Fahrzeugtechnik und zuverl\u00e4ssige Fahrer&#8220; target=&#8220;_self&#8220;]<br \/>\n[spacer]<br \/>\n[\/content_box]<br \/>\n[\/span3]<br \/>\n[span3]<br \/>\n[content_box]<br \/>\n[banner img=&#8220;https:\/\/speedlog.de\/wp-content\/uploads\/sites\/10\/2016\/03\/speedlog-internationale-spedition-schwertransporte-klein.jpg&#8220; banner_link=&#8220;https:\/\/speedlog.de\/es\/service\/schwertransporte\/&#8220; title=&#8220;Schwertransporte&#8220; text=&#8220;\u00dcberl\u00e4ngen, \u00dcberbreiten und \u00dcberh\u00f6hen &#8211; Speedlog macht es m\u00f6glich &#8211; Weltweit.&#8220; target=&#8220;_self&#8220;]<br \/>\n[spacer]<br \/>\n[\/content_box]<br \/>\n[\/span3]<br \/>\n[span3]<br \/>\n[content_box]<br \/>\n[banner img=&#8220;https:\/\/speedlog.de\/wp-content\/uploads\/sites\/10\/2016\/03\/speedlog-internationale-spedition-kranarbeiten-klein.jpg&#8220;  banner_link=&#8220;https:\/\/speedlog.de\/es\/service\/kranarbeiten\/&#8220; title=&#8220;Kranarbeiten&#8220; text=&#8220;F\u00fcr Sie k\u00fcmmern wir uns auch um das Be- und\/oder Entladen Ihrer G\u00fcter mit Autokranen.&#8220; target=&#8220;_self&#8220;]<br \/>\n[spacer]<br \/>\n[\/content_box]<br \/>\n[\/span3]<br \/>\n[span3]<br \/>\n[content_box]<br \/>\n[banner img=&#8220;https:\/\/speedlog.de\/wp-content\/uploads\/sites\/10\/2015\/12\/speedlog-internationale-spedition-luftfracht-klein.jpg&#8220;  banner_link=&#8220;https:\/\/speedlog.de\/es\/service\/luftfracht\/&#8220; title=&#8220;Luftfracht&#8220; text=&#8220;Wir bieten Ihnen k\u00fcrzeste Bef\u00f6rderungszeiten und ein hohes Ma\u00df an Zuverl\u00e4ssigkeit.&#8220; target=&#8220;_self&#8220;][spacer]<br \/>\n[\/content_box]<br \/>\n[\/span3]<br \/>\n[\/row][row]<br \/>\n[span2]<br \/>\n[content_box]<br \/>\n[banner img=&#8220;https:\/\/speedlog.de\/wp-content\/uploads\/sites\/10\/2015\/12\/speedlog-internationale-spedition-seefracht-klein.jpg&#8220; banner_link=&#8220;https:\/\/speedlog.de\/es\/service\/seefracht\/&#8220; title=&#8220;Seefracht&#8220; text=&#8220;Unsere erfahrenen Seefrachtmitarbeiter wickeln Ihre Verschiffungen weltweit ab.&#8220; target=&#8220;_self&#8220;]<br \/>\n[spacer]<br \/>\n[\/content_box]<br \/>\n[\/span2]<br \/>\n[span2]<br \/>\n[content_box]<br \/>\n[banner img=&#8220;https:\/\/speedlog.de\/wp-content\/uploads\/sites\/10\/2016\/03\/speedlog-internationale-spedition-zoll-neu.jpg&#8220; banner_link=&#8220;https:\/\/speedlog.de\/es\/service\/zoll\/&#8220; title=&#8220;Zoll&#8220; text=&#8220;Nutzen Sie wie viele andere Kunden unseren Zollabfertigungsservice auch f\u00fcr besondere Zollverfahren&#8220; target=&#8220;_self&#8220;]<br \/>\n[spacer]<br \/>\n[\/content_box]<br \/>\n[\/span2]<br \/>\n[span2]<br \/>\n[content_box]<br \/>\n[banner img=&#8220;https:\/\/speedlog.de\/wp-content\/uploads\/sites\/10\/2016\/03\/speedlog-internationale-spedition-lagerei.jpg&#8220; banner_link=&#8220;https:\/\/speedlog.de\/es\/service\/lagerei\/&#8220; title=&#8220;Lagerei&#8220; text=&#8220;Wir verf\u00fcgen \u00fcber 2000 qm Hallenlager. Ihre G\u00fcter sind trocken und sicher gelagert. \u00dcberzeugen Sie sich.&#8220; target=&#8220;_self&#8220;]<br \/>\n[spacer]<br \/>\n[\/content_box]<br \/>\n[\/span2]<\/p>\n<p>[span2]<br \/>\n[content_box]<br \/>\n[banner img=&#8220;https:\/\/speedlog.de\/wp-content\/uploads\/sites\/10\/2016\/03\/speedlog-internationale-spedition-projektlogistik.jpg&#8220; banner_link=&#8220;https:\/\/speedlog.de\/es\/service\/projektlogistik\/&#8220; title=&#8220;Projektlogistik&#8220; text=&#8220;Unsere Abteilung Projektlogistik bietet Ihnen die gesamte Transportkette aus einer Hand.&#8220; target=&#8220;_self&#8220;]<br \/>\n[spacer]<br \/>\n[\/content_box]<br \/>\n[\/span2]<\/p>\n<p>[span2]<br \/>\n[content_box]<br \/>\n[banner img=&#8220;https:\/\/speedlog.de\/wp-content\/uploads\/sites\/10\/2016\/03\/speedlog-internationale-spedition-ElizPack.jpg&#8220; banner_link=&#8220;https:\/\/speedlog.de\/es\/service\/elizpack\/&#8220; title=&#8220;ElizPack&#8220; text=&#8220;Unsere Tochtergesellschaft ElizPack hat sich auf Industriedienstleistungen spezialisiert.&#8220; target=&#8220;_self&#8220;]<br \/>\n[spacer]<br \/>\n[\/content_box]<br \/>\n[\/span2]<br \/>\n[\/row]<\/p>\n<p>[row]<br \/>\n[span12]<\/p>\n<p>[content_box]<\/p>\n<h2>NEWS<\/h2>\n<p>[recent_posts num=&#8220;6&#8243; post_format=&#8220;standard&#8220; meta=&#8220;false&#8220; thumb=&#8220;true&#8220; thumb_width=&#8220;380&#8243; thumb_height=&#8220;245&#8243; more_text_single=&#8220;mehr&#8220; excerpt_count=&#8220;23&#8243; custom_class=&#8220;three-col&#8220; category=&#8220;news&#8220;]<\/p>\n<p>[\/content_box]<\/p>\n<p>[spacer]<\/p>\n<p>[\/span12]<br \/>\n[span3]<\/p>\n<h2>Kontakt<\/h2>\n<p>[sm_hr]<\/p>\n<p>[arrow_list]<\/p>\n<ul>\n<li>Speedlog GmbH<\/li>\n<li>Obervellmarsche Str. 98-100<\/li>\n<li>34246 Vellmar<\/li>\n<li>Tel.: +49 561 &#8211; 589 468 -0<\/li>\n<li>Fax : +49 561 &#8211; 589 468 -200<\/li>\n<li>E-Mail: <a href=\"mailto:speedlog.de\/es\">info@speedlog.de\/es<\/a><\/li>\n<\/ul>\n<p>[\/arrow_list]<\/p>\n<p>[spacer]<\/p>\n<p>[\/span3]<br \/>\n[span3]<\/p>\n<h2>Service<\/h2>\n<p>[sm_hr]<br \/>\n[arrow_list]<\/p>\n<ul class=\"recent-posts list styled arrow-list unstyled\">[mp_wp_navmenu nav_menu=&#8220;service&#8220; custom_class=&#8220;list styled arrow-list&#8220; class=&#8220;list styled arrow-list&#8220;]<\/ul>\n<p>[\/arrow_list]<br \/>\n[spacer]<\/p>\n<p>[\/span3]<br \/>\n[span3]<\/p>\n<h2>News<\/h2>\n<p>[sm_hr]<\/p>\n<p>[arrow_list]<\/p>\n<p>[mini_posts_list numb=&#8220;4&#8243; category=&#8220;news&#8220; thumbs=&#8220;none&#8220; meta=&#8220;no&#8220; order_by=&#8220;date&#8220; order=&#8220;DESC&#8220; custom_class=&#8220;list styled arrow-list&#8220;]<\/p>\n<p>[\/arrow_list]<\/p>\n<p>[spacer]<\/p>\n<p>[\/span3]<br \/>\n[span3]<\/p>\n<h2>Wir suchen Sie<\/h2>\n<p>[sm_hr]<br \/>\n[arrow_list]<br \/>\n[recent_posts num=&#8220;4&#8243; order_by=&#8220;date&#8220; order=&#8220;DESC&#8220; meta=&#8220;false&#8220; thumb=&#8220;false&#8220; custom_class=&#8220;list styled arrow-list&#8220; category=&#8220;stellenangebot&#8220;]<br \/>\n[\/arrow_list]<br \/>\n[spacer]<\/p>\n<p>[\/span3]<\/p>\n<p>[\/row]<\/p>\n","protected":false},"excerpt":{"rendered":"<p>[row] [span12] [spacer] [spacer] [title_box title=&#8220;Willkommen bei Speedlog&#8220; subtitle=&#8220;Internationale Spedition &amp; Logistik im Herzen von Deutschland Unsere Kernkompetenz sind Ihre nationalen und internationalen Transporte. Dabei haben wir uns besonders auf G\u00fcter spezialisiert, deren Ma\u00dfe und\/oder Gewichte die \u00fcblichen Standards \u00fcberschreiten oder die besonders zeitsensibel sind. Nat\u00fcrlich sind auch Ihre Transporte mit normalen Abmessungen und Gewichten&#8230;<\/p>\n","protected":false},"author":1,"featured_media":0,"parent":0,"menu_order":0,"comment_status":"closed","ping_status":"closed","template":"","meta":{"footnotes":""},"_links":{"self":[{"href":"https:\/\/speedlog.de\/es\/wp-json\/wp\/v2\/pages\/2372"}],"collection":[{"href":"https:\/\/speedlog.de\/es\/wp-json\/wp\/v2\/pages"}],"about":[{"href":"https:\/\/speedlog.de\/es\/wp-json\/wp\/v2\/types\/page"}],"author":[{"embeddable":true,"href":"https:\/\/speedlog.de\/es\/wp-json\/wp\/v2\/users\/1"}],"replies":[{"embeddable":true,"href":"https:\/\/speedlog.de\/es\/wp-json\/wp\/v2\/comments?post=2372"}],"version-history":[{"count":22,"href":"https:\/\/speedlog.de\/es\/wp-json\/wp\/v2\/pages\/2372\/revisions"}],"predecessor-version":[{"id":2944,"href":"https:\/\/speedlog.de\/es\/wp-json\/wp\/v2\/pages\/2372\/revisions\/2944"}],"wp:attachment":[{"href":"https:\/\/speedlog.de\/es\/wp-json\/wp\/v2\/media?parent=2372"}],"curies":[{"name":"wp","href":"https:\/\/api.w.org\/{rel}","templated":true}]}}