{"id":2794,"date":"2016-12-07T13:58:35","date_gmt":"2016-12-07T12:58:35","guid":{"rendered":"http:\/\/speedlog.de\/es\/?page_id=2794"},"modified":"2018-11-26T10:57:18","modified_gmt":"2018-11-26T09:57:18","slug":"servicios-de-grua","status":"publish","type":"page","link":"https:\/\/speedlog.de\/es\/servicios\/servicios-de-grua\/","title":{"rendered":"Servicios de gr\u00faa"},"content":{"rendered":"<p>[vc_row full_width=&#8220;stretch_row&#8220; content_placement=&#8220;middle&#8220; font_color=&#8220;#083986&#8243; overlay_color=&#8220;#ffffff&#8220; overlay_pattern_opacity=&#8220;60&#8243; css=&#8220;.vc_custom_1481136482410{margin-bottom: 0px !important;padding-top: 150px !important;padding-bottom: 138px !important;background-image: url(https:\/\/speedlog.de\/wp-content\/uploads\/sites\/10\/2016\/12\/speedlog-kran-bg.jpg?id=2800) !important;}&#8220; bg_image_fb=&#8220;49&#8243;][vc_column css=&#8220;.vc_custom_1481101691231{margin-bottom: 0px !important;}&#8220;][vc_custom_heading text=&#8220;Servicios de gr\u00faa&#8220; font_container=&#8220;tag:h2|font_size:48px|text_align:center|color:%23f7f7f7|line_height:1&#8243; use_theme_fonts=&#8220;yes&#8220;][vc_separator color=&#8220;custom&#8220; el_width=&#8220;20&#8243; accent_color=&#8220;#bbbbbb&#8220;][\/vc_column][\/vc_row][vc_row full_width=&#8220;stretch_row&#8220; overlay_color=&#8220;#1c1c1c&#8220; overlay_color_opacity=&#8220;40&#8243; overlay_pattern=&#8220;143&#8243; overlay_pattern_opacity=&#8220;50&#8243; toc_id=&#8220;about_us&#8220; el_class=&#8220;gray-arrow&#8220; css=&#8220;.vc_custom_1481102721333{margin-top: 0px !important;margin-bottom: 0px !important;padding-top: 60px !important;padding-bottom: 60px !important;}&#8220;][vc_column][vc_row_inner css=&#8220;.vc_custom_1418289986694{margin-bottom: -20px !important;}&#8220;][vc_column_inner][vc_custom_heading text=&#8220;DONDE ESTEMOS, HAY GR\u00daA&#8220; font_container=&#8220;tag:h2|text_align:center|color:%23003887|line_height:1&#8243; use_theme_fonts=&#8220;yes&#8220;][\/vc_column_inner][\/vc_row_inner][vc_row_inner][vc_column_inner][vc_separator color=&#8220;custom&#8220; el_width=&#8220;20&#8243; accent_color=&#8220;#ededed&#8220;][\/vc_column_inner][\/vc_row_inner][vc_row_inner css=&#8220;.vc_custom_1481102927639{margin-top: -50px !important;margin-bottom: 40px !important;}&#8220;][vc_column_inner][vc_custom_heading text=&#8220;CON GR\u00daAS AUTOCARGANTES NOS ENCARGAMOS PARA USTED TAMBI\u00c9N DE LA CARGA Y\/O DESCARGA DE SUS PRODUCTOS.&#8220; font_container=&#8220;tag:p|font_size:22|text_align:center|color:%23ffffff|line_height:1.9&#8243; use_theme_fonts=&#8220;yes&#8220;][\/vc_column_inner][\/vc_row_inner][\/vc_column][\/vc_row][vc_row overlay_pattern_opacity=&#8220;50&#8243; css=&#8220;.vc_custom_1481098122079{margin-top: 20px !important;margin-bottom: 50px !important;padding-top: 60px !important;}&#8220; toc_id=&#8220;our_work&#8220;][vc_column][vc_row_inner][vc_column_inner width=&#8220;1\/2&#8243;][vc_column_text]Speedlog dispone de colaboradores profesionales en toda Alemania. Si usted necesita mover cargas muy pesadas basta con una llamada a Speedlog. Y es que no s\u00f3lo transportamos, sino que organizamos de una sola vez todas las tareas necesarias para sus proyectos. Da igual si su mercanc\u00eda debe posicionarse en el exterior o dentro de una nave. Nosotros organizamos todas las herramientas necesarias y lo coordinamos para usted. Le ofrecemos el servicio ideal en toda Alemania.[\/vc_column_text][\/vc_column_inner][vc_column_inner width=&#8220;1\/2&#8243;][vc_column_text]Su ventaja en Speedlog : un solo interlocutor para todo el proceso. Nosotros asumimos toda la coordinaci\u00f3n de las fechas previstas. Esto le ahorra tiempo, estr\u00e9s y costes. Speedlog es su contacto. Aprov\u00e9chese de nuestro buen servicio tambi\u00e9n para sus trabajos de gr\u00faas. Estamos a su disposici\u00f3n y nos gustar\u00eda poder utilizar toda la fuerza de Speedlog para usted.[\/vc_column_text][\/vc_column_inner][\/vc_row_inner][vc_row_inner css=&#8220;.vc_custom_1418289859260{margin-bottom: -20px !important;}&#8220;][vc_column_inner][vc_custom_heading text=&#8220;Noticias&#8220; font_container=&#8220;tag:h2|text_align:center|color:%23003887|line_height:1&#8243; use_theme_fonts=&#8220;yes&#8220;][\/vc_column_inner][\/vc_row_inner][vc_row_inner css=&#8220;.vc_custom_1481098024750{margin-bottom: 30px !important;}&#8220;][vc_column_inner][vc_separator color=&#8220;custom&#8220; el_width=&#8220;20&#8243; accent_color=&#8220;#ededed&#8220;][\/vc_column_inner][\/vc_row_inner][vc_empty_space height=&#8220;10px&#8220;][mpc_vc_blog_posts_slider category=&#8220;70&#8243; tag=&#8220;all&#8220;][\/vc_column][\/vc_row]<\/p>\n","protected":false},"excerpt":{"rendered":"<p>[vc_row full_width=&#8220;stretch_row&#8220; content_placement=&#8220;middle&#8220; font_color=&#8220;#083986&#8243; overlay_color=&#8220;#ffffff&#8220; overlay_pattern_opacity=&#8220;60&#8243; css=&#8220;.vc_custom_1481136482410{margin-bottom: 0px !important;padding-top: 150px !important;padding-bottom: 138px !important;background-image: url(https:\/\/speedlog.de\/wp-content\/uploads\/sites\/10\/2016\/12\/speedlog-kran-bg.jpg?id=2800) !important;}&#8220; bg_image_fb=&#8220;49&#8243;][vc_column css=&#8220;.vc_custom_1481101691231{margin-bottom: 0px !important;}&#8220;][vc_custom_heading text=&#8220;Servicios de gr\u00faa&#8220; font_container=&#8220;tag:h2|font_size:48px|text_align:center|color:%23f7f7f7|line_height:1&#8243; use_theme_fonts=&#8220;yes&#8220;][vc_separator color=&#8220;custom&#8220; el_width=&#8220;20&#8243; accent_color=&#8220;#bbbbbb&#8220;][\/vc_column][\/vc_row][vc_row full_width=&#8220;stretch_row&#8220; overlay_color=&#8220;#1c1c1c&#8220; overlay_color_opacity=&#8220;40&#8243; overlay_pattern=&#8220;143&#8243; overlay_pattern_opacity=&#8220;50&#8243; toc_id=&#8220;about_us&#8220; el_class=&#8220;gray-arrow&#8220; css=&#8220;.vc_custom_1481102721333{margin-top: 0px !important;margin-bottom: 0px !important;padding-top: 60px !important;padding-bottom: 60px !important;}&#8220;][vc_column][vc_row_inner css=&#8220;.vc_custom_1418289986694{margin-bottom: -20px !important;}&#8220;][vc_column_inner][vc_custom_heading text=&#8220;DONDE ESTEMOS, HAY GR\u00daA&#8220; font_container=&#8220;tag:h2|text_align:center|color:%23003887|line_height:1&#8243; use_theme_fonts=&#8220;yes&#8220;][\/vc_column_inner][\/vc_row_inner][vc_row_inner][vc_column_inner][vc_separator color=&#8220;custom&#8220; el_width=&#8220;20&#8243; accent_color=&#8220;#ededed&#8220;][\/vc_column_inner][\/vc_row_inner][vc_row_inner&#8230;<\/p>\n","protected":false},"author":1,"featured_media":0,"parent":2372,"menu_order":0,"comment_status":"closed","ping_status":"closed","template":"template-fullwidth.php","meta":{"footnotes":""},"_links":{"self":[{"href":"https:\/\/speedlog.de\/es\/wp-json\/wp\/v2\/pages\/2794"}],"collection":[{"href":"https:\/\/speedlog.de\/es\/wp-json\/wp\/v2\/pages"}],"about":[{"href":"https:\/\/speedlog.de\/es\/wp-json\/wp\/v2\/types\/page"}],"author":[{"embeddable":true,"href":"https:\/\/speedlog.de\/es\/wp-json\/wp\/v2\/users\/1"}],"replies":[{"embeddable":true,"href":"https:\/\/speedlog.de\/es\/wp-json\/wp\/v2\/comments?post=2794"}],"version-history":[{"count":9,"href":"https:\/\/speedlog.de\/es\/wp-json\/wp\/v2\/pages\/2794\/revisions"}],"predecessor-version":[{"id":3138,"href":"https:\/\/speedlog.de\/es\/wp-json\/wp\/v2\/pages\/2794\/revisions\/3138"}],"up":[{"embeddable":true,"href":"https:\/\/speedlog.de\/es\/wp-json\/wp\/v2\/pages\/2372"}],"wp:attachment":[{"href":"https:\/\/speedlog.de\/es\/wp-json\/wp\/v2\/media?parent=2794"}],"curies":[{"name":"wp","href":"https:\/\/api.w.org\/{rel}","templated":true}]}}