{"id":2803,"date":"2016-12-07T14:16:08","date_gmt":"2016-12-07T13:16:08","guid":{"rendered":"http:\/\/speedlog.de\/es\/?page_id=2803"},"modified":"2018-11-26T10:56:26","modified_gmt":"2018-11-26T09:56:26","slug":"almacenaje","status":"publish","type":"page","link":"https:\/\/speedlog.de\/es\/servicios\/almacenaje\/","title":{"rendered":"Almacenaje"},"content":{"rendered":"<p>[vc_row full_width=&#8220;stretch_row&#8220; content_placement=&#8220;middle&#8220; font_color=&#8220;#083986&#8243; overlay_color=&#8220;#ffffff&#8220; overlay_pattern_opacity=&#8220;60&#8243; css=&#8220;.vc_custom_1481136531630{margin-bottom: 0px !important;padding-top: 150px !important;padding-bottom: 138px !important;background-image: url(https:\/\/speedlog.de\/wp-content\/uploads\/sites\/10\/2016\/12\/Fotolia_49205240_S.jpg?id=2807) !important;}&#8220; bg_image_fb=&#8220;49&#8243;][vc_column css=&#8220;.vc_custom_1481101691231{margin-bottom: 0px !important;}&#8220;][vc_custom_heading text=&#8220;Almacenaje&#8220; font_container=&#8220;tag:h2|font_size:48px|text_align:center|color:%23f7f7f7|line_height:1&#8243; use_theme_fonts=&#8220;yes&#8220;][vc_separator color=&#8220;custom&#8220; el_width=&#8220;20&#8243; accent_color=&#8220;#bbbbbb&#8220;][\/vc_column][\/vc_row][vc_row full_width=&#8220;stretch_row&#8220; overlay_color=&#8220;#1c1c1c&#8220; overlay_color_opacity=&#8220;40&#8243; overlay_pattern=&#8220;143&#8243; overlay_pattern_opacity=&#8220;50&#8243; toc_id=&#8220;about_us&#8220; el_class=&#8220;gray-arrow&#8220; css=&#8220;.vc_custom_1481102721333{margin-top: 0px !important;margin-bottom: 0px !important;padding-top: 60px !important;padding-bottom: 60px !important;}&#8220;][vc_column][vc_row_inner css=&#8220;.vc_custom_1418289986694{margin-bottom: -20px !important;}&#8220;][vc_column_inner][vc_custom_heading text=&#8220;SU MERCANC\u00cdA ALMACENADA SECA Y SEGURA&#8220; font_container=&#8220;tag:h2|text_align:center|color:%23003887|line_height:1&#8243; use_theme_fonts=&#8220;yes&#8220;][\/vc_column_inner][\/vc_row_inner][vc_row_inner][vc_column_inner][vc_separator color=&#8220;custom&#8220; el_width=&#8220;20&#8243; accent_color=&#8220;#ededed&#8220;][\/vc_column_inner][\/vc_row_inner][vc_row_inner css=&#8220;.vc_custom_1481102927639{margin-top: -50px !important;margin-bottom: 40px !important;}&#8220;][vc_column_inner][vc_custom_heading text=&#8220;Disponemos de m\u00e1s de 2000 m2 de almac\u00e9n interior, pero en caso de necesidad se puede aumentar el espacio.<br \/>\nTenemos capacidad de mover pesos de hasta 3000 kg.<br \/>\nNuestro personal de almac\u00e9n est\u00e1 siempre a su disposici\u00f3n para la recepci\u00f3n de su mercanc\u00eda y de la correcta distribuci\u00f3n se encarga nuestro experimentado departamento de tr\u00e1fico de cercan\u00edas. Hace poco hemos  a\u00f1adido un terreno de 2500 m2 como almac\u00e9n exterior y espacio para   transbordos de mercanc\u00edas pesadas.&#8220; font_container=&#8220;tag:p|font_size:22|text_align:center|color:%23ffffff|line_height:1.9&#8243; use_theme_fonts=&#8220;yes&#8220;][\/vc_column_inner][\/vc_row_inner][\/vc_column][\/vc_row][vc_row overlay_pattern_opacity=&#8220;50&#8243; css=&#8220;.vc_custom_1481098122079{margin-top: 20px !important;margin-bottom: 50px !important;padding-top: 60px !important;}&#8220; toc_id=&#8220;our_work&#8220;][vc_column][vc_row_inner css=&#8220;.vc_custom_1418289859260{margin-bottom: -20px !important;}&#8220;][vc_column_inner][vc_custom_heading text=&#8220;Noticias&#8220; font_container=&#8220;tag:h2|text_align:center|color:%23003887|line_height:1&#8243; use_theme_fonts=&#8220;yes&#8220;][\/vc_column_inner][\/vc_row_inner][vc_row_inner css=&#8220;.vc_custom_1481098024750{margin-bottom: 30px !important;}&#8220;][vc_column_inner][vc_separator color=&#8220;custom&#8220; el_width=&#8220;20&#8243; accent_color=&#8220;#ededed&#8220;][\/vc_column_inner][\/vc_row_inner][vc_empty_space height=&#8220;10px&#8220;][mpc_vc_blog_posts_slider category=&#8220;70&#8243; tag=&#8220;all&#8220;][\/vc_column][\/vc_row]<\/p>\n","protected":false},"excerpt":{"rendered":"<p>[vc_row full_width=&#8220;stretch_row&#8220; content_placement=&#8220;middle&#8220; font_color=&#8220;#083986&#8243; overlay_color=&#8220;#ffffff&#8220; overlay_pattern_opacity=&#8220;60&#8243; css=&#8220;.vc_custom_1481136531630{margin-bottom: 0px !important;padding-top: 150px !important;padding-bottom: 138px !important;background-image: url(https:\/\/speedlog.de\/wp-content\/uploads\/sites\/10\/2016\/12\/Fotolia_49205240_S.jpg?id=2807) !important;}&#8220; bg_image_fb=&#8220;49&#8243;][vc_column css=&#8220;.vc_custom_1481101691231{margin-bottom: 0px !important;}&#8220;][vc_custom_heading text=&#8220;Almacenaje&#8220; font_container=&#8220;tag:h2|font_size:48px|text_align:center|color:%23f7f7f7|line_height:1&#8243; use_theme_fonts=&#8220;yes&#8220;][vc_separator color=&#8220;custom&#8220; el_width=&#8220;20&#8243; accent_color=&#8220;#bbbbbb&#8220;][\/vc_column][\/vc_row][vc_row full_width=&#8220;stretch_row&#8220; overlay_color=&#8220;#1c1c1c&#8220; overlay_color_opacity=&#8220;40&#8243; overlay_pattern=&#8220;143&#8243; overlay_pattern_opacity=&#8220;50&#8243; toc_id=&#8220;about_us&#8220; el_class=&#8220;gray-arrow&#8220; css=&#8220;.vc_custom_1481102721333{margin-top: 0px !important;margin-bottom: 0px !important;padding-top: 60px !important;padding-bottom: 60px !important;}&#8220;][vc_column][vc_row_inner css=&#8220;.vc_custom_1418289986694{margin-bottom: -20px !important;}&#8220;][vc_column_inner][vc_custom_heading text=&#8220;SU MERCANC\u00cdA ALMACENADA SECA Y SEGURA&#8220; font_container=&#8220;tag:h2|text_align:center|color:%23003887|line_height:1&#8243; use_theme_fonts=&#8220;yes&#8220;][\/vc_column_inner][\/vc_row_inner][vc_row_inner][vc_column_inner][vc_separator color=&#8220;custom&#8220; el_width=&#8220;20&#8243; accent_color=&#8220;#ededed&#8220;][\/vc_column_inner][\/vc_row_inner][vc_row_inner&#8230;<\/p>\n","protected":false},"author":1,"featured_media":0,"parent":2372,"menu_order":0,"comment_status":"closed","ping_status":"closed","template":"template-fullwidth.php","meta":{"footnotes":""},"_links":{"self":[{"href":"https:\/\/speedlog.de\/es\/wp-json\/wp\/v2\/pages\/2803"}],"collection":[{"href":"https:\/\/speedlog.de\/es\/wp-json\/wp\/v2\/pages"}],"about":[{"href":"https:\/\/speedlog.de\/es\/wp-json\/wp\/v2\/types\/page"}],"author":[{"embeddable":true,"href":"https:\/\/speedlog.de\/es\/wp-json\/wp\/v2\/users\/1"}],"replies":[{"embeddable":true,"href":"https:\/\/speedlog.de\/es\/wp-json\/wp\/v2\/comments?post=2803"}],"version-history":[{"count":8,"href":"https:\/\/speedlog.de\/es\/wp-json\/wp\/v2\/pages\/2803\/revisions"}],"predecessor-version":[{"id":3135,"href":"https:\/\/speedlog.de\/es\/wp-json\/wp\/v2\/pages\/2803\/revisions\/3135"}],"up":[{"embeddable":true,"href":"https:\/\/speedlog.de\/es\/wp-json\/wp\/v2\/pages\/2372"}],"wp:attachment":[{"href":"https:\/\/speedlog.de\/es\/wp-json\/wp\/v2\/media?parent=2803"}],"curies":[{"name":"wp","href":"https:\/\/api.w.org\/{rel}","templated":true}]}}