{"id":2809,"date":"2016-12-07T14:31:15","date_gmt":"2016-12-07T13:31:15","guid":{"rendered":"http:\/\/speedlog.de\/es\/?page_id=2809"},"modified":"2018-11-26T10:57:52","modified_gmt":"2018-11-26T09:57:52","slug":"transporte-terrestre","status":"publish","type":"page","link":"https:\/\/speedlog.de\/es\/servicios\/transporte-terrestre\/","title":{"rendered":"Transporte Terrestre"},"content":{"rendered":"<p>[vc_row full_width=&#8220;stretch_row&#8220; content_placement=&#8220;middle&#8220; font_color=&#8220;#083986&#8243; overlay_color=&#8220;#ffffff&#8220; overlay_pattern_opacity=&#8220;60&#8243; css=&#8220;.vc_custom_1481136877290{margin-bottom: 0px !important;padding-top: 150px !important;padding-bottom: 138px !important;background-image: url(https:\/\/speedlog.de\/wp-content\/uploads\/sites\/10\/2016\/12\/speedlog-landtransport-bg.jpg?id=2811) !important;}&#8220; bg_image_fb=&#8220;49&#8243;][vc_column css=&#8220;.vc_custom_1481101691231{margin-bottom: 0px !important;}&#8220;][vc_custom_heading text=&#8220;Transporte Terrestre&#8220; font_container=&#8220;tag:h2|font_size:48px|text_align:center|color:%23f7f7f7|line_height:1&#8243; use_theme_fonts=&#8220;yes&#8220;][vc_separator color=&#8220;custom&#8220; el_width=&#8220;20&#8243; accent_color=&#8220;#bbbbbb&#8220;][\/vc_column][\/vc_row][vc_row full_width=&#8220;stretch_row&#8220; overlay_color=&#8220;#1c1c1c&#8220; overlay_color_opacity=&#8220;40&#8243; overlay_pattern=&#8220;143&#8243; overlay_pattern_opacity=&#8220;50&#8243; toc_id=&#8220;about_us&#8220; el_class=&#8220;gray-arrow&#8220; css=&#8220;.vc_custom_1481102721333{margin-top: 0px !important;margin-bottom: 0px !important;padding-top: 60px !important;padding-bottom: 60px !important;}&#8220;][vc_column][vc_row_inner css=&#8220;.vc_custom_1418289986694{margin-bottom: -20px !important;}&#8220;][vc_column_inner][vc_custom_heading text=&#8220;TERRESTRES INTERNACIONALES EN TODA SU AMPLITUD&#8220; font_container=&#8220;tag:h2|text_align:center|color:%23003887|line_height:1&#8243; use_theme_fonts=&#8220;yes&#8220;][\/vc_column_inner][\/vc_row_inner][vc_row_inner][vc_column_inner][vc_separator color=&#8220;custom&#8220; el_width=&#8220;20&#8243; accent_color=&#8220;#ededed&#8220;][\/vc_column_inner][\/vc_row_inner][vc_row_inner css=&#8220;.vc_custom_1481102927639{margin-top: -50px !important;margin-bottom: 40px !important;}&#8220;][vc_column_inner][vc_custom_heading text=&#8220;PRECIOS JUSTOS, TECNOLOG\u00edA AUTOMOTRIZ NECESARIA PARA SUS PRODUCTOS Y VEH\u00edCULOS Y CH\u00f3FERES DE CONFIANZA.&#8220; font_container=&#8220;tag:p|font_size:22|text_align:center|color:%23ffffff|line_height:1.9&#8243; use_theme_fonts=&#8220;yes&#8220;][vc_custom_heading text=&#8220;Trailer, cami\u00f3n con remolque, Megatrailer, camiones Jumbo, camiones lona vario, camiones plataforma, cama baja y semirremolque cama baja, con o sin rampas, semirremolques extensibles de cama baja ( Kesselbr\u00fccke ), etc. Organizados por nuestra parte llegan estos veh\u00edculos diariamente a destinos en casi todos los pa\u00edses de Europa. Conf\u00ede en nosotros, pruebe nuestro servicio profesional y enc\u00e1rguenos sus transportes. Nosotros llevaremos sus productos de manera segura y confidencial a los destinos correspondientes.&#8220; font_container=&#8220;tag:p|font_size:22|text_align:center|color:%23ffffff|line_height:1.9&#8243; use_theme_fonts=&#8220;yes&#8220;][\/vc_column_inner][\/vc_row_inner][\/vc_column][\/vc_row][vc_row css=&#8220;.vc_custom_1481185731230{margin-top: 50px !important;padding-top: 30px !important;}&#8220;][vc_column width=&#8220;1\/2&#8243;][vc_column_text]Nuestra competencia en el mundo del transporte tiene para usted ventajas muy lucrativas : precios justos,\u00a0 tecnolog\u00eda automotriz y veh\u00edculos y ch\u00f3feres de confianza. Con nuestros transportes directos entregamos su mercanc\u00eda en destino sin manipulaci\u00f3n\u2026nacional dentro de Alemania e internacional en casi toda Europa. Con nuestros camiones lona vario con techo m\u00f3vil transportamos mercanc\u00edas de medidas especiales de manera segura y seca bajo un sistema de lona fijo.<\/p>\n<p>Speedlog \u2013 nuestros transportes normales y especiales van en todas direcciones, desde el B\u00e1ltico y el este de Rusia, Turqu\u00eda, Grecia y los Balcanes del Sureste pasando por el Sur con Italia y Espa\u00f1a, por el oeste con Francia y los pa\u00edses Benelux, por el norte con las Islas Brit\u00e1nicas y Escandinavia hasta Europa central con Austria, Suiza, Chequia, Eslovaquia y Polonia. Por favor cons\u00faltenos, ll\u00e1menos o m\u00e1ndenos un Email. Transportamos para usted r\u00e1pido, flexible y seguro.[\/vc_column_text][\/vc_column][vc_column width=&#8220;1\/2&#8243;][vc_column_text]<strong>TRANSPORTES URGENTES Y SERVICIO COURIER INTERNACIONAL<\/strong><\/p>\n<p>\u00a1Quema! Un defecto o una p\u00e9rdida y la producci\u00f3n amenaza con pararse. Su mercanc\u00eda es m\u00e1s que necesaria en cualquier destino. \u00a1Ayude a su cliente! Speedlog encuentra r\u00e1pidamente una soluci\u00f3n.<\/p>\n<p>Tenemos para sus transportes urgentes coches y furgonetas para pesos hasta 750 kg. Furgonetas cerradas y carrozadas de 1 y 1,5 Tns, Minitir hasta 3,5 Tns y camiones para m\u00e1s peso. Por favor cons\u00faltenos.[\/vc_column_text][\/vc_column][\/vc_row][vc_row overlay_pattern_opacity=&#8220;50&#8243; css=&#8220;.vc_custom_1481098122079{margin-top: 20px !important;margin-bottom: 50px !important;padding-top: 60px !important;}&#8220; toc_id=&#8220;our_work&#8220;][vc_column][vc_row_inner css=&#8220;.vc_custom_1418289859260{margin-bottom: -20px !important;}&#8220;][vc_column_inner][vc_custom_heading text=&#8220;Noticias&#8220; font_container=&#8220;tag:h2|text_align:center|color:%23003887|line_height:1&#8243; use_theme_fonts=&#8220;yes&#8220;][\/vc_column_inner][\/vc_row_inner][vc_row_inner css=&#8220;.vc_custom_1481098024750{margin-bottom: 30px !important;}&#8220;][vc_column_inner][vc_separator color=&#8220;custom&#8220; el_width=&#8220;20&#8243; accent_color=&#8220;#ededed&#8220;][\/vc_column_inner][\/vc_row_inner][vc_empty_space height=&#8220;10px&#8220;][mpc_vc_blog_posts_slider category=&#8220;70&#8243; tag=&#8220;all&#8220;][\/vc_column][\/vc_row]<\/p>\n","protected":false},"excerpt":{"rendered":"<p>[vc_row full_width=&#8220;stretch_row&#8220; content_placement=&#8220;middle&#8220; font_color=&#8220;#083986&#8243; overlay_color=&#8220;#ffffff&#8220; overlay_pattern_opacity=&#8220;60&#8243; css=&#8220;.vc_custom_1481136877290{margin-bottom: 0px !important;padding-top: 150px !important;padding-bottom: 138px !important;background-image: url(https:\/\/speedlog.de\/wp-content\/uploads\/sites\/10\/2016\/12\/speedlog-landtransport-bg.jpg?id=2811) !important;}&#8220; bg_image_fb=&#8220;49&#8243;][vc_column css=&#8220;.vc_custom_1481101691231{margin-bottom: 0px !important;}&#8220;][vc_custom_heading text=&#8220;Transporte Terrestre&#8220; font_container=&#8220;tag:h2|font_size:48px|text_align:center|color:%23f7f7f7|line_height:1&#8243; use_theme_fonts=&#8220;yes&#8220;][vc_separator color=&#8220;custom&#8220; el_width=&#8220;20&#8243; accent_color=&#8220;#bbbbbb&#8220;][\/vc_column][\/vc_row][vc_row full_width=&#8220;stretch_row&#8220; overlay_color=&#8220;#1c1c1c&#8220; overlay_color_opacity=&#8220;40&#8243; overlay_pattern=&#8220;143&#8243; overlay_pattern_opacity=&#8220;50&#8243; toc_id=&#8220;about_us&#8220; el_class=&#8220;gray-arrow&#8220; css=&#8220;.vc_custom_1481102721333{margin-top: 0px !important;margin-bottom: 0px !important;padding-top: 60px !important;padding-bottom: 60px !important;}&#8220;][vc_column][vc_row_inner css=&#8220;.vc_custom_1418289986694{margin-bottom: -20px !important;}&#8220;][vc_column_inner][vc_custom_heading text=&#8220;TERRESTRES INTERNACIONALES EN TODA SU AMPLITUD&#8220; font_container=&#8220;tag:h2|text_align:center|color:%23003887|line_height:1&#8243; use_theme_fonts=&#8220;yes&#8220;][\/vc_column_inner][\/vc_row_inner][vc_row_inner][vc_column_inner][vc_separator color=&#8220;custom&#8220; el_width=&#8220;20&#8243;&#8230;<\/p>\n","protected":false},"author":1,"featured_media":0,"parent":2372,"menu_order":0,"comment_status":"closed","ping_status":"closed","template":"template-fullwidth.php","meta":{"footnotes":""},"_links":{"self":[{"href":"https:\/\/speedlog.de\/es\/wp-json\/wp\/v2\/pages\/2809"}],"collection":[{"href":"https:\/\/speedlog.de\/es\/wp-json\/wp\/v2\/pages"}],"about":[{"href":"https:\/\/speedlog.de\/es\/wp-json\/wp\/v2\/types\/page"}],"author":[{"embeddable":true,"href":"https:\/\/speedlog.de\/es\/wp-json\/wp\/v2\/users\/1"}],"replies":[{"embeddable":true,"href":"https:\/\/speedlog.de\/es\/wp-json\/wp\/v2\/comments?post=2809"}],"version-history":[{"count":10,"href":"https:\/\/speedlog.de\/es\/wp-json\/wp\/v2\/pages\/2809\/revisions"}],"predecessor-version":[{"id":3141,"href":"https:\/\/speedlog.de\/es\/wp-json\/wp\/v2\/pages\/2809\/revisions\/3141"}],"up":[{"embeddable":true,"href":"https:\/\/speedlog.de\/es\/wp-json\/wp\/v2\/pages\/2372"}],"wp:attachment":[{"href":"https:\/\/speedlog.de\/es\/wp-json\/wp\/v2\/media?parent=2809"}],"curies":[{"name":"wp","href":"https:\/\/api.w.org\/{rel}","templated":true}]}}