{"id":2819,"date":"2016-12-07T14:59:01","date_gmt":"2016-12-07T13:59:01","guid":{"rendered":"http:\/\/speedlog.de\/es\/?page_id=2819"},"modified":"2016-12-13T13:55:37","modified_gmt":"2016-12-13T12:55:37","slug":"logistica-de-proyectos","status":"publish","type":"page","link":"https:\/\/speedlog.de\/es\/servicios\/logistica-de-proyectos\/","title":{"rendered":"Log\u00edstica de proyectos"},"content":{"rendered":"<p>[vc_row full_width=&#8220;stretch_row&#8220; overlay_color=&#8220;#1c1c1c&#8220; overlay_color_opacity=&#8220;40&#8243; overlay_pattern=&#8220;143&#8243; overlay_pattern_opacity=&#8220;50&#8243; toc_id=&#8220;about_us&#8220; el_class=&#8220;gray-arrow&#8220; css=&#8220;.vc_custom_1481102721333{margin-top: 0px !important;margin-bottom: 0px !important;padding-top: 60px !important;padding-bottom: 60px !important;}&#8220;][vc_column][vc_custom_heading text=&#8220;Nuestro departamento \u201cLog\u00edstica de proyectos\u201c le ofrece todo el proceso log\u00edstico de sus proyectos llave en mano.&#8220; font_container=&#8220;tag:h2|text_align:center|color:%23003887|line_height:1&#8243; use_theme_fonts=&#8220;yes&#8220;][\/vc_column][\/vc_row][vc_row css=&#8220;.vc_custom_1481119406387{padding-top: 30px !important;}&#8220;][vc_column width=&#8220;1\/2&#8243;][vc_single_image image=&#8220;2573&#8243; img_size=&#8220;full&#8220;][\/vc_column][vc_column width=&#8220;1\/2&#8243;][vc_row_inner css=&#8220;.vc_custom_1481119468242{margin-bottom: 40px !important;}&#8220;][vc_column_inner][vc_custom_heading text=&#8220;Le aconsejamos con antelaci\u00f3n sobre todos los temas espec\u00edficos de sus transportes previstos, nos hacemos cargo del embalaje mar\u00edtimo adecuado de sus productos, realizamos los documentos acreditativos necesarios, nos encargamos de sus despachos aduaneros, arreglamos la correcta carga y ubicaci\u00f3n de contenedores y Flats, coordinamos los transportes previos hacia los puertos de salida y los posicionamos correctamente en el barco. En los puertos de destino, nuestros reconocidos colaboradores se encargan del desembarque y de la cancelaci\u00f3n de la mercanc\u00eda en el plazo fijado, organizan la introducci\u00f3n aduanera en el pa\u00eds de destino y coordinan el transporte y la entrega en el destino final\u2026e incluso la correcta descarga de la mercanc\u00eda, si se requiere.&#8220; font_container=&#8220;tag:p|font_size:18|text_align:left|color:%23707070|line_height:1.6&#8243; use_theme_fonts=&#8220;yes&#8220;][\/vc_column_inner][\/vc_row_inner][\/vc_column][\/vc_row][vc_row overlay_pattern_opacity=&#8220;50&#8243; css=&#8220;.vc_custom_1481098122079{margin-top: 20px !important;margin-bottom: 50px !important;padding-top: 60px !important;}&#8220; toc_id=&#8220;our_work&#8220;][vc_column][vc_row_inner css=&#8220;.vc_custom_1418289859260{margin-bottom: -20px !important;}&#8220;][vc_column_inner][vc_custom_heading text=&#8220;Noticias&#8220; font_container=&#8220;tag:h2|text_align:center|color:%23003887|line_height:1&#8243; use_theme_fonts=&#8220;yes&#8220;][\/vc_column_inner][\/vc_row_inner][vc_row_inner css=&#8220;.vc_custom_1481098024750{margin-bottom: 30px !important;}&#8220;][vc_column_inner][vc_separator color=&#8220;custom&#8220; el_width=&#8220;20&#8243; accent_color=&#8220;#ededed&#8220;][\/vc_column_inner][\/vc_row_inner][vc_empty_space height=&#8220;10px&#8220;][mpc_vc_blog_posts_slider category=&#8220;70&#8243; tag=&#8220;all&#8220;][\/vc_column][\/vc_row]<\/p>\n","protected":false},"excerpt":{"rendered":"<p>[vc_row full_width=&#8220;stretch_row&#8220; overlay_color=&#8220;#1c1c1c&#8220; overlay_color_opacity=&#8220;40&#8243; overlay_pattern=&#8220;143&#8243; overlay_pattern_opacity=&#8220;50&#8243; toc_id=&#8220;about_us&#8220; el_class=&#8220;gray-arrow&#8220; css=&#8220;.vc_custom_1481102721333{margin-top: 0px !important;margin-bottom: 0px !important;padding-top: 60px !important;padding-bottom: 60px !important;}&#8220;][vc_column][vc_custom_heading text=&#8220;Nuestro departamento \u201cLog\u00edstica de proyectos\u201c le ofrece todo el proceso log\u00edstico de sus proyectos llave en mano.&#8220; font_container=&#8220;tag:h2|text_align:center|color:%23003887|line_height:1&#8243; use_theme_fonts=&#8220;yes&#8220;][\/vc_column][\/vc_row][vc_row css=&#8220;.vc_custom_1481119406387{padding-top: 30px !important;}&#8220;][vc_column width=&#8220;1\/2&#8243;][vc_single_image image=&#8220;2573&#8243; img_size=&#8220;full&#8220;][\/vc_column][vc_column width=&#8220;1\/2&#8243;][vc_row_inner css=&#8220;.vc_custom_1481119468242{margin-bottom: 40px !important;}&#8220;][vc_column_inner][vc_custom_heading text=&#8220;Le aconsejamos con antelaci\u00f3n sobre todos los temas espec\u00edficos&#8230;<\/p>\n","protected":false},"author":1,"featured_media":0,"parent":2372,"menu_order":0,"comment_status":"closed","ping_status":"closed","template":"template-fullwidth.php","meta":{"footnotes":""},"_links":{"self":[{"href":"https:\/\/speedlog.de\/es\/wp-json\/wp\/v2\/pages\/2819"}],"collection":[{"href":"https:\/\/speedlog.de\/es\/wp-json\/wp\/v2\/pages"}],"about":[{"href":"https:\/\/speedlog.de\/es\/wp-json\/wp\/v2\/types\/page"}],"author":[{"embeddable":true,"href":"https:\/\/speedlog.de\/es\/wp-json\/wp\/v2\/users\/1"}],"replies":[{"embeddable":true,"href":"https:\/\/speedlog.de\/es\/wp-json\/wp\/v2\/comments?post=2819"}],"version-history":[{"count":9,"href":"https:\/\/speedlog.de\/es\/wp-json\/wp\/v2\/pages\/2819\/revisions"}],"predecessor-version":[{"id":2936,"href":"https:\/\/speedlog.de\/es\/wp-json\/wp\/v2\/pages\/2819\/revisions\/2936"}],"up":[{"embeddable":true,"href":"https:\/\/speedlog.de\/es\/wp-json\/wp\/v2\/pages\/2372"}],"wp:attachment":[{"href":"https:\/\/speedlog.de\/es\/wp-json\/wp\/v2\/media?parent=2819"}],"curies":[{"name":"wp","href":"https:\/\/api.w.org\/{rel}","templated":true}]}}