{"id":2826,"date":"2016-12-07T16:45:17","date_gmt":"2016-12-07T15:45:17","guid":{"rendered":"http:\/\/speedlog.de\/es\/?page_id=2826"},"modified":"2018-11-26T10:58:03","modified_gmt":"2018-11-26T09:58:03","slug":"transportes-especiales","status":"publish","type":"page","link":"https:\/\/speedlog.de\/es\/servicios\/transportes-especiales\/","title":{"rendered":"Transportes especiales"},"content":{"rendered":"<p>[vc_row full_width=&#8220;stretch_row&#8220; content_placement=&#8220;middle&#8220; font_color=&#8220;#083986&#8243; overlay_color=&#8220;#ffffff&#8220; overlay_pattern_opacity=&#8220;60&#8243; css=&#8220;.vc_custom_1481136286083{margin-bottom: 0px !important;padding-top: 150px !important;padding-bottom: 138px !important;background-image: url(https:\/\/speedlog.de\/wp-content\/uploads\/sites\/10\/2016\/12\/speedlog-schwertransport-bg.jpg?id=2831) !important;}&#8220; bg_image_fb=&#8220;49&#8243;][vc_column css=&#8220;.vc_custom_1481101691231{margin-bottom: 0px !important;}&#8220;][vc_custom_heading text=&#8220;Transportes especiales&#8220; font_container=&#8220;tag:h2|font_size:48px|text_align:center|color:%23f7f7f7|line_height:1&#8243; use_theme_fonts=&#8220;yes&#8220;][vc_separator color=&#8220;custom&#8220; el_width=&#8220;20&#8243; accent_color=&#8220;#bbbbbb&#8220;][\/vc_column][\/vc_row][vc_row full_width=&#8220;stretch_row&#8220; overlay_color=&#8220;#1c1c1c&#8220; overlay_color_opacity=&#8220;40&#8243; overlay_pattern=&#8220;143&#8243; overlay_pattern_opacity=&#8220;50&#8243; toc_id=&#8220;about_us&#8220; el_class=&#8220;gray-arrow&#8220; css=&#8220;.vc_custom_1481102721333{margin-top: 0px !important;margin-bottom: 0px !important;padding-top: 60px !important;padding-bottom: 60px !important;}&#8220;][vc_column][vc_row_inner css=&#8220;.vc_custom_1418289986694{margin-bottom: -20px !important;}&#8220;][vc_column_inner][vc_custom_heading text=&#8220;TRANSPORTES COMPLICADOS DE MANERA F\u00c1CIL&#8220; font_container=&#8220;tag:h2|text_align:center|color:%23003887|line_height:1&#8243; use_theme_fonts=&#8220;yes&#8220;][\/vc_column_inner][\/vc_row_inner][vc_row_inner][vc_column_inner][vc_separator color=&#8220;custom&#8220; el_width=&#8220;20&#8243; accent_color=&#8220;#ededed&#8220;][\/vc_column_inner][\/vc_row_inner][vc_row_inner css=&#8220;.vc_custom_1481102927639{margin-top: -50px !important;margin-bottom: 40px !important;}&#8220;][vc_column_inner][vc_custom_heading text=&#8220;SPEEDLOG ES SU COLABORADOR, CUANDO LA COSA SE PONE ESPECIALMENTE DIF\u00cdCIL Y PESADA.&#8220; font_container=&#8220;tag:p|font_size:22|text_align:center|color:%23ffffff|line_height:1.9&#8243; use_theme_fonts=&#8220;yes&#8220;][\/vc_column_inner][\/vc_row_inner][\/vc_column][\/vc_row][vc_row css=&#8220;.vc_custom_1481135031081{margin-top: 50px !important;}&#8220;][vc_column width=&#8220;1\/2&#8243;][vc_column_text]Nuestros conocimientos en este sector y nuestro servicio para sus transportes especiales son completos. Prepararemos para sus proyectos con antelaci\u00f3n conceptos y estudios de los posibles transportes. Organizamos para usted el transporte de todo lo que tiene dimensiones excesivas para un transporte normal, sean medidas especiales en lo largo, lo ancho y lo alto o grandes pesos. Nosotros tenemos los veh\u00edculos adecuados. Por favor p\u00e1senos su solicitud.<\/p>\n<p>Transportes especiales bajo lona es una especialidad de Speedlog. Camiones con el sistema Lona Vario son completamente cerrados, pero flexibles y adaptables a las medidas necesarias para cada mercanc\u00eda. As\u00ed sus productos est\u00e1n perfectamente protegidos de mojaduras, suciedad y visibilidad y se ahorran tiempo y costes para un embalaje necesario, si se transportase en una plataforma abierta.<\/p>\n<p>\u00bfLas caracter\u00edsticas o el volumen de sus transportes requieren una combinaci\u00f3n log\u00edstica \/ rutas y tipo de transportes combinados? No hay problema. Nosotros coordinamos para sus cargas los medios adecuados y necesarios : el cami\u00f3n y el tren, barcos de navegaci\u00f3n interior o de rutas mar\u00edtimas internacionales. Por favor pregunte a nuestros empleados especializados. Le atendemos y aconsejamos con mucho gusto.[\/vc_column_text][\/vc_column][vc_column width=&#8220;1\/2&#8243;][vc_column_text]<strong>PERMISOS PERMANENTES<\/strong><\/p>\n<p>\u00bfTransportes especiales sin plazos de tramitaci\u00f3n? Nuestros veh\u00edculos tienen permisos permanentes para Alemania, Francia, Espa\u00f1a, Portugal y los pa\u00edses Benelux para dimensiones determinadas, como por ejemplo transportes de cargas con alturas de hasta 3,70 M a los principales puertos alemanes. As\u00ed se ahorran solicitudes para permisos puntuales que siempre tardan su tiempo y Speedlog podr\u00e1 transportar su mercanc\u00eda m\u00e1s r\u00e1pido todav\u00eda.<\/p>\n<p>En el caso de que sus productos fuesen m\u00e1s grandes y necesitasen otros permisos puntuales a\u00f1adidos, nos encargamos y contactamos con las autoridades correspondientes. Usted nos indica las fechas de carga y descarga deseadas y nosotros nos encargamos de todo lo dem\u00e1s. Esto incluye tambi\u00e9n posibles despachos aduaneros, si usted as\u00ed lo requiere. Conf\u00ede en nuestra capacidad y aptitud. Le esperamos con ganas para atender sus encargos. Por favor p\u00f3nganos a prueba.[\/vc_column_text][\/vc_column][\/vc_row][vc_row overlay_pattern_opacity=&#8220;50&#8243; css=&#8220;.vc_custom_1481098122079{margin-top: 20px !important;margin-bottom: 50px !important;padding-top: 60px !important;}&#8220; toc_id=&#8220;our_work&#8220;][vc_column][vc_row_inner css=&#8220;.vc_custom_1418289859260{margin-bottom: -20px !important;}&#8220;][vc_column_inner][vc_custom_heading text=&#8220;Noticias&#8220; font_container=&#8220;tag:h2|text_align:center|color:%23003887|line_height:1&#8243; use_theme_fonts=&#8220;yes&#8220;][\/vc_column_inner][\/vc_row_inner][vc_row_inner css=&#8220;.vc_custom_1481098024750{margin-bottom: 30px !important;}&#8220;][vc_column_inner][vc_separator color=&#8220;custom&#8220; el_width=&#8220;20&#8243; accent_color=&#8220;#ededed&#8220;][\/vc_column_inner][\/vc_row_inner][vc_empty_space height=&#8220;10px&#8220;][mpc_vc_blog_posts_slider category=&#8220;70&#8243; tag=&#8220;all&#8220;][\/vc_column][\/vc_row]<\/p>\n","protected":false},"excerpt":{"rendered":"<p>[vc_row full_width=&#8220;stretch_row&#8220; content_placement=&#8220;middle&#8220; font_color=&#8220;#083986&#8243; overlay_color=&#8220;#ffffff&#8220; overlay_pattern_opacity=&#8220;60&#8243; css=&#8220;.vc_custom_1481136286083{margin-bottom: 0px !important;padding-top: 150px !important;padding-bottom: 138px !important;background-image: url(https:\/\/speedlog.de\/wp-content\/uploads\/sites\/10\/2016\/12\/speedlog-schwertransport-bg.jpg?id=2831) !important;}&#8220; bg_image_fb=&#8220;49&#8243;][vc_column css=&#8220;.vc_custom_1481101691231{margin-bottom: 0px !important;}&#8220;][vc_custom_heading text=&#8220;Transportes especiales&#8220; font_container=&#8220;tag:h2|font_size:48px|text_align:center|color:%23f7f7f7|line_height:1&#8243; use_theme_fonts=&#8220;yes&#8220;][vc_separator color=&#8220;custom&#8220; el_width=&#8220;20&#8243; accent_color=&#8220;#bbbbbb&#8220;][\/vc_column][\/vc_row][vc_row full_width=&#8220;stretch_row&#8220; overlay_color=&#8220;#1c1c1c&#8220; overlay_color_opacity=&#8220;40&#8243; overlay_pattern=&#8220;143&#8243; overlay_pattern_opacity=&#8220;50&#8243; toc_id=&#8220;about_us&#8220; el_class=&#8220;gray-arrow&#8220; css=&#8220;.vc_custom_1481102721333{margin-top: 0px !important;margin-bottom: 0px !important;padding-top: 60px !important;padding-bottom: 60px !important;}&#8220;][vc_column][vc_row_inner css=&#8220;.vc_custom_1418289986694{margin-bottom: -20px !important;}&#8220;][vc_column_inner][vc_custom_heading text=&#8220;TRANSPORTES COMPLICADOS DE MANERA F\u00c1CIL&#8220; font_container=&#8220;tag:h2|text_align:center|color:%23003887|line_height:1&#8243; use_theme_fonts=&#8220;yes&#8220;][\/vc_column_inner][\/vc_row_inner][vc_row_inner][vc_column_inner][vc_separator color=&#8220;custom&#8220; el_width=&#8220;20&#8243; accent_color=&#8220;#ededed&#8220;][\/vc_column_inner][\/vc_row_inner][vc_row_inner&#8230;<\/p>\n","protected":false},"author":1,"featured_media":0,"parent":2372,"menu_order":0,"comment_status":"closed","ping_status":"closed","template":"template-fullwidth.php","meta":{"footnotes":""},"_links":{"self":[{"href":"https:\/\/speedlog.de\/es\/wp-json\/wp\/v2\/pages\/2826"}],"collection":[{"href":"https:\/\/speedlog.de\/es\/wp-json\/wp\/v2\/pages"}],"about":[{"href":"https:\/\/speedlog.de\/es\/wp-json\/wp\/v2\/types\/page"}],"author":[{"embeddable":true,"href":"https:\/\/speedlog.de\/es\/wp-json\/wp\/v2\/users\/1"}],"replies":[{"embeddable":true,"href":"https:\/\/speedlog.de\/es\/wp-json\/wp\/v2\/comments?post=2826"}],"version-history":[{"count":10,"href":"https:\/\/speedlog.de\/es\/wp-json\/wp\/v2\/pages\/2826\/revisions"}],"predecessor-version":[{"id":3142,"href":"https:\/\/speedlog.de\/es\/wp-json\/wp\/v2\/pages\/2826\/revisions\/3142"}],"up":[{"embeddable":true,"href":"https:\/\/speedlog.de\/es\/wp-json\/wp\/v2\/pages\/2372"}],"wp:attachment":[{"href":"https:\/\/speedlog.de\/es\/wp-json\/wp\/v2\/media?parent=2826"}],"curies":[{"name":"wp","href":"https:\/\/api.w.org\/{rel}","templated":true}]}}