{"id":2847,"date":"2016-12-07T20:05:30","date_gmt":"2016-12-07T19:05:30","guid":{"rendered":"http:\/\/speedlog.de\/es\/?page_id=2847"},"modified":"2018-11-26T10:57:42","modified_gmt":"2018-11-26T09:57:42","slug":"transporte-maritimo","status":"publish","type":"page","link":"https:\/\/speedlog.de\/es\/servicios\/transporte-maritimo\/","title":{"rendered":"Transporte Mar\u00edtimo"},"content":{"rendered":"<p>[vc_row full_width=&#8220;stretch_row&#8220; content_placement=&#8220;middle&#8220; font_color=&#8220;#083986&#8243; overlay_color=&#8220;#ffffff&#8220; overlay_pattern_opacity=&#8220;60&#8243; css=&#8220;.vc_custom_1481137876510{margin-bottom: 0px !important;padding-top: 150px !important;padding-bottom: 138px !important;background-image: url(https:\/\/speedlog.de\/wp-content\/uploads\/sites\/10\/2016\/12\/speedlog-seefracht-bg.jpg?id=2849) !important;}&#8220; bg_image_fb=&#8220;49&#8243;][vc_column css=&#8220;.vc_custom_1481101691231{margin-bottom: 0px !important;}&#8220;][vc_custom_heading text=&#8220;Transporte Mar\u00edtimo&#8220; font_container=&#8220;tag:h2|font_size:48px|text_align:center|color:%23f7f7f7|line_height:1&#8243; use_theme_fonts=&#8220;yes&#8220;][vc_separator color=&#8220;custom&#8220; el_width=&#8220;20&#8243; accent_color=&#8220;#bbbbbb&#8220;][\/vc_column][\/vc_row][vc_row full_width=&#8220;stretch_row&#8220; overlay_color=&#8220;#1c1c1c&#8220; overlay_color_opacity=&#8220;40&#8243; overlay_pattern=&#8220;143&#8243; overlay_pattern_opacity=&#8220;50&#8243; toc_id=&#8220;about_us&#8220; el_class=&#8220;gray-arrow&#8220; css=&#8220;.vc_custom_1481102721333{margin-top: 0px !important;margin-bottom: 0px !important;padding-top: 60px !important;padding-bottom: 60px !important;}&#8220;][vc_column][vc_row_inner css=&#8220;.vc_custom_1418289986694{margin-bottom: -20px !important;}&#8220;][vc_column_inner][vc_custom_heading text=&#8220;SEAN CONTENEDORES EST\u00c1NDAR, HIGH CUBES, OTS O FLATS\u2026.NOSOTROS DISPONEMOS DEL EQUIPO ADECUADO.&#8220; font_container=&#8220;tag:h2|text_align:center|color:%23003887|line_height:1&#8243; use_theme_fonts=&#8220;yes&#8220;][\/vc_column_inner][\/vc_row_inner][vc_row_inner][vc_column_inner][vc_separator color=&#8220;custom&#8220; el_width=&#8220;20&#8243; accent_color=&#8220;#ededed&#8220;][\/vc_column_inner][\/vc_row_inner][vc_row_inner css=&#8220;.vc_custom_1481102927639{margin-top: -50px !important;margin-bottom: 40px !important;}&#8220;][vc_column_inner][vc_custom_heading text=&#8220;Speedlog es su especialista mar\u00edtimo en el \u201eBinnenland\u201c ( lugares sin acceso al mar ). Nuestros experimentados empleados tramitan sus fletes en todo el mundo.&#8220; font_container=&#8220;tag:p|font_size:22|text_align:center|color:%23ffffff|line_height:1.9&#8243; use_theme_fonts=&#8220;yes&#8220;][\/vc_column_inner][\/vc_row_inner][\/vc_column][\/vc_row][vc_row css=&#8220;.vc_custom_1481135031081{margin-top: 50px !important;}&#8220;][vc_column width=&#8220;1\/2&#8243;][vc_column_text]<strong>EXPORTACI\u00d3N<\/strong><\/p>\n<p>Sus cajas de recambios las cargamos en contenedores de grupaje. Para sus cargas completas ( FCL ), le posicionamos el contenedor correspondiente en su muelle de carga o bien coordinamos una correcta ubicaci\u00f3n de la mercanc\u00eda en alg\u00fan almac\u00e9n de nuestros colaboradores profesionales.<\/p>\n<p>Y si sus productos son demasiado grandes o pesados para un contenedor&#8230;o ambas cosas, planificaremos un proyecto de carga en el barco u otro medio de transporte necesario desde sus instalaciones hasta el final de su responsabilidad dentro de lo convenido con su cliente.<\/p>\n<p>Recibir\u00e1 por Courier su documentaci\u00f3n acreditativa de expedici\u00f3n inmediatamente despu\u00e9s del embarque. Algunos BL\u00b4s los elaboramos nosotros mismos.<\/p>\n<p>Tambi\u00e9n puede encargarnos con un seguro a\u00f1adido del transporte de su mercanc\u00eda. Cons\u00faltenos.[\/vc_column_text][\/vc_column][vc_column width=&#8220;1\/2&#8243;][vc_column_text]<strong>IMPORTACI\u00d3N<\/strong><\/p>\n<p>Nuestros especialistas se encargan de sus Importaciones desde todos los rincones del mundo mediante una colaboraci\u00f3n estrecha con los agentes locales. Con mucho gusto contactaremos directamente con sus proveedores extranjeros y le mantendremos siempre informado sobre el estado de sus env\u00edos.<\/p>\n<p>Disponemos de l\u00edneas regulares de grupaje hasta Hamburgo desde el Extremo Oriente.\u00a0 Con mucho gusto tambi\u00e9n nos ocupamos para usted del despacho de Aduanas. Una vez pasados los tr\u00e1mites, le entregaremos su mercanc\u00eda directamente donde la necesite.<br \/>\nPor favor cons\u00faltenos.[\/vc_column_text][\/vc_column][\/vc_row][vc_row overlay_pattern_opacity=&#8220;50&#8243; css=&#8220;.vc_custom_1481098122079{margin-top: 20px !important;margin-bottom: 50px !important;padding-top: 60px !important;}&#8220; toc_id=&#8220;our_work&#8220;][vc_column][vc_row_inner css=&#8220;.vc_custom_1418289859260{margin-bottom: -20px !important;}&#8220;][vc_column_inner][vc_custom_heading text=&#8220;NOTICIAS&#8220; font_container=&#8220;tag:h2|text_align:center|color:%23003887|line_height:1&#8243; use_theme_fonts=&#8220;yes&#8220;][\/vc_column_inner][\/vc_row_inner][vc_row_inner css=&#8220;.vc_custom_1481098024750{margin-bottom: 30px !important;}&#8220;][vc_column_inner][vc_separator color=&#8220;custom&#8220; el_width=&#8220;20&#8243; accent_color=&#8220;#ededed&#8220;][\/vc_column_inner][\/vc_row_inner][vc_empty_space height=&#8220;10px&#8220;][mpc_vc_blog_posts_slider category=&#8220;70&#8243; tag=&#8220;all&#8220;][\/vc_column][\/vc_row]<\/p>\n","protected":false},"excerpt":{"rendered":"<p>[vc_row full_width=&#8220;stretch_row&#8220; content_placement=&#8220;middle&#8220; font_color=&#8220;#083986&#8243; overlay_color=&#8220;#ffffff&#8220; overlay_pattern_opacity=&#8220;60&#8243; css=&#8220;.vc_custom_1481137876510{margin-bottom: 0px !important;padding-top: 150px !important;padding-bottom: 138px !important;background-image: url(https:\/\/speedlog.de\/wp-content\/uploads\/sites\/10\/2016\/12\/speedlog-seefracht-bg.jpg?id=2849) !important;}&#8220; bg_image_fb=&#8220;49&#8243;][vc_column css=&#8220;.vc_custom_1481101691231{margin-bottom: 0px !important;}&#8220;][vc_custom_heading text=&#8220;Transporte Mar\u00edtimo&#8220; font_container=&#8220;tag:h2|font_size:48px|text_align:center|color:%23f7f7f7|line_height:1&#8243; use_theme_fonts=&#8220;yes&#8220;][vc_separator color=&#8220;custom&#8220; el_width=&#8220;20&#8243; accent_color=&#8220;#bbbbbb&#8220;][\/vc_column][\/vc_row][vc_row full_width=&#8220;stretch_row&#8220; overlay_color=&#8220;#1c1c1c&#8220; overlay_color_opacity=&#8220;40&#8243; overlay_pattern=&#8220;143&#8243; overlay_pattern_opacity=&#8220;50&#8243; toc_id=&#8220;about_us&#8220; el_class=&#8220;gray-arrow&#8220; css=&#8220;.vc_custom_1481102721333{margin-top: 0px !important;margin-bottom: 0px !important;padding-top: 60px !important;padding-bottom: 60px !important;}&#8220;][vc_column][vc_row_inner css=&#8220;.vc_custom_1418289986694{margin-bottom: -20px !important;}&#8220;][vc_column_inner][vc_custom_heading text=&#8220;SEAN CONTENEDORES EST\u00c1NDAR, HIGH CUBES, OTS O FLATS\u2026.NOSOTROS DISPONEMOS DEL&#8230;<\/p>\n","protected":false},"author":1,"featured_media":0,"parent":2372,"menu_order":0,"comment_status":"closed","ping_status":"closed","template":"template-fullwidth.php","meta":{"footnotes":""},"_links":{"self":[{"href":"https:\/\/speedlog.de\/es\/wp-json\/wp\/v2\/pages\/2847"}],"collection":[{"href":"https:\/\/speedlog.de\/es\/wp-json\/wp\/v2\/pages"}],"about":[{"href":"https:\/\/speedlog.de\/es\/wp-json\/wp\/v2\/types\/page"}],"author":[{"embeddable":true,"href":"https:\/\/speedlog.de\/es\/wp-json\/wp\/v2\/users\/1"}],"replies":[{"embeddable":true,"href":"https:\/\/speedlog.de\/es\/wp-json\/wp\/v2\/comments?post=2847"}],"version-history":[{"count":5,"href":"https:\/\/speedlog.de\/es\/wp-json\/wp\/v2\/pages\/2847\/revisions"}],"predecessor-version":[{"id":3140,"href":"https:\/\/speedlog.de\/es\/wp-json\/wp\/v2\/pages\/2847\/revisions\/3140"}],"up":[{"embeddable":true,"href":"https:\/\/speedlog.de\/es\/wp-json\/wp\/v2\/pages\/2372"}],"wp:attachment":[{"href":"https:\/\/speedlog.de\/es\/wp-json\/wp\/v2\/media?parent=2847"}],"curies":[{"name":"wp","href":"https:\/\/api.w.org\/{rel}","templated":true}]}}