{"id":2852,"date":"2016-12-07T20:33:08","date_gmt":"2016-12-07T19:33:08","guid":{"rendered":"http:\/\/speedlog.de\/es\/?page_id=2852"},"modified":"2016-12-13T14:12:33","modified_gmt":"2016-12-13T13:12:33","slug":"aduanas","status":"publish","type":"page","link":"https:\/\/speedlog.de\/es\/servicios\/aduanas\/","title":{"rendered":"Aduanas"},"content":{"rendered":"<p>[vc_row full_width=&#8220;stretch_row&#8220; overlay_color=&#8220;#1c1c1c&#8220; overlay_color_opacity=&#8220;40&#8243; overlay_pattern=&#8220;143&#8243; overlay_pattern_opacity=&#8220;50&#8243; toc_id=&#8220;about_us&#8220; el_class=&#8220;gray-arrow&#8220; css=&#8220;.vc_custom_1481102721333{margin-top: 0px !important;margin-bottom: 0px !important;padding-top: 60px !important;padding-bottom: 60px !important;}&#8220;][vc_column][vc_custom_heading text=&#8220;APROV\u00c9CHESE DE NUESTROS SERVICIOS ADUANEROS COMO LO HACEN YA OTROS MUCHOS CLIENTES.&#8220; font_container=&#8220;tag:h2|text_align:center|color:%23003887|line_height:1&#8243; use_theme_fonts=&#8220;yes&#8220;][\/vc_column][\/vc_row][vc_row css=&#8220;.vc_custom_1481119406387{padding-top: 30px !important;}&#8220;][vc_column width=&#8220;1\/2&#8243;][vc_single_image image=&#8220;2574&#8243; img_size=&#8220;full&#8220;][\/vc_column][vc_column width=&#8220;1\/2&#8243;][vc_row_inner css=&#8220;.vc_custom_1481119468242{margin-bottom: 40px !important;}&#8220;][vc_column_inner][vc_custom_heading text=&#8220;Si lo desea, Speedlog elabora para usted los documentos acompa\u00f1antes necesarios y correspondientes a cada env\u00edo, como tambi\u00e9n los papeles de Exportaci\u00f3n como EUR1, T2L, ATR y se encarga del despacho de Exportaci\u00f3n.<br \/>\nTambi\u00e9n nos ocupamos de sus despachos de Importaci\u00f3n. Aprov\u00e9chese de nuestros servicios aduaneros como lo hacen ya otros muchos clientes, tambi\u00e9n para tr\u00e1mites y reg\u00edmenes especiales como perfeccionamiento activo \/ pasivo, Importaci\u00f3n temporal o servicios t\u00e9cnicos de inspecci\u00f3n en frontera (sanidad exterior, sanidad vegetal, sanidad animal, SOIVRE, farmacia, CITES).<\/p>\n<p>Nuestra conexi\u00f3n directa con Aduanas nos permite realizar los tr\u00e1mites en toda Alemania.&#8220; font_container=&#8220;tag:p|font_size:18|text_align:left|color:%23707070|line_height:1.6&#8243; use_theme_fonts=&#8220;yes&#8220;][\/vc_column_inner][\/vc_row_inner][\/vc_column][\/vc_row][vc_row overlay_pattern_opacity=&#8220;50&#8243; css=&#8220;.vc_custom_1481098122079{margin-top: 20px !important;margin-bottom: 50px !important;padding-top: 60px !important;}&#8220; toc_id=&#8220;our_work&#8220;][vc_column][vc_row_inner css=&#8220;.vc_custom_1418289859260{margin-bottom: -20px !important;}&#8220;][vc_column_inner][vc_custom_heading text=&#8220;Noticias&#8220; font_container=&#8220;tag:h2|text_align:center|color:%23003887|line_height:1&#8243; use_theme_fonts=&#8220;yes&#8220;][\/vc_column_inner][\/vc_row_inner][vc_row_inner css=&#8220;.vc_custom_1481098024750{margin-bottom: 30px !important;}&#8220;][vc_column_inner][vc_separator color=&#8220;custom&#8220; el_width=&#8220;20&#8243; accent_color=&#8220;#ededed&#8220;][\/vc_column_inner][\/vc_row_inner][vc_empty_space height=&#8220;10px&#8220;]<div class=\"mpcth-waypoint mpcth-items-slider-wrap\"><div class=\"mpcth-items-slider-container-wrap\"><div class=\"mpcth-items-slider-container\"><div class=\"mpc-vc-blog-posts-slider mpcth-items-slider mpcth-items-slider-wide\"><div class=\"mpcth-slide-wrap\"><a href=\"https:\/\/speedlog.de\/es\/news\/speedlog-transporta-una-fresadora-a-italia\/\" class=\"mpcth-slide mpcth-slide-row-gap\"><img width=\"600\" height=\"282\" src=\"https:\/\/speedlog.de\/es\/wp-content\/uploads\/sites\/10\/2025\/06\/Bild1-600x282.jpg\" class=\"attachment-mpcth-horizontal-columns-2 size-mpcth-horizontal-columns-2 wp-post-image\" alt=\"\" decoding=\"async\" srcset=\"https:\/\/speedlog.de\/es\/wp-content\/uploads\/sites\/10\/2025\/06\/Bild1-600x282.jpg 600w, https:\/\/speedlog.de\/es\/wp-content\/uploads\/sites\/10\/2025\/06\/Bild1-24x11.jpg 24w, https:\/\/speedlog.de\/es\/wp-content\/uploads\/sites\/10\/2025\/06\/Bild1-36x17.jpg 36w, https:\/\/speedlog.de\/es\/wp-content\/uploads\/sites\/10\/2025\/06\/Bild1-48x22.jpg 48w\" sizes=\"(max-width: 600px) 100vw, 600px\" \/><div class=\"mpcth-slide-wrapper\"><h4 class=\"mpcth-slide-title\">Speedlog transporta una fresadora a Italia<\/h4><time class=\"mpcth-slide-time\" datetime=\"2025-06-30T10:25:44+02:00\">30. Juni 2025<\/time><p class=\"mpcth-slide-text\">[vc_row][vc_column][vc_column_text] Nuestro cliente Pr\u00e4wema Antriebstechnik GmbH, un proveedor de sistemas para soluciones de fabricaci\u00f3n flexibles y orientadas al futuro para todo al rededor de la&hellip;<\/p><div class=\"mpcth-slide-trim\"><\/div><\/div><\/a><a href=\"https:\/\/speedlog.de\/es\/news\/speedlog-transporta-una-carcasa-de-secador-desde-polonia-hasta-kassel\/\" class=\"mpcth-slide\"><img width=\"600\" height=\"450\" src=\"https:\/\/speedlog.de\/es\/wp-content\/uploads\/sites\/10\/2025\/05\/Bild1-600x450.jpg\" class=\"attachment-mpcth-horizontal-columns-2 size-mpcth-horizontal-columns-2 wp-post-image\" alt=\"\" decoding=\"async\" srcset=\"https:\/\/speedlog.de\/es\/wp-content\/uploads\/sites\/10\/2025\/05\/Bild1-600x450.jpg 600w, https:\/\/speedlog.de\/es\/wp-content\/uploads\/sites\/10\/2025\/05\/Bild1-503x377.jpg 503w, https:\/\/speedlog.de\/es\/wp-content\/uploads\/sites\/10\/2025\/05\/Bild1-768x576.jpg 768w, https:\/\/speedlog.de\/es\/wp-content\/uploads\/sites\/10\/2025\/05\/Bild1-400x300.jpg 400w, https:\/\/speedlog.de\/es\/wp-content\/uploads\/sites\/10\/2025\/05\/Bild1-300x225.jpg 300w, https:\/\/speedlog.de\/es\/wp-content\/uploads\/sites\/10\/2025\/05\/Bild1-24x18.jpg 24w, https:\/\/speedlog.de\/es\/wp-content\/uploads\/sites\/10\/2025\/05\/Bild1-36x27.jpg 36w, https:\/\/speedlog.de\/es\/wp-content\/uploads\/sites\/10\/2025\/05\/Bild1-48x36.jpg 48w, https:\/\/speedlog.de\/es\/wp-content\/uploads\/sites\/10\/2025\/05\/Bild1.jpg 1130w\" sizes=\"(max-width: 600px) 100vw, 600px\" \/><div class=\"mpcth-slide-wrapper\"><h4 class=\"mpcth-slide-title\">Speedlog transporta una carcasa de secador desde Polonia hasta Kassel<\/h4><time class=\"mpcth-slide-time\" datetime=\"2025-05-09T15:15:49+02:00\">9. Mai 2025<\/time><p class=\"mpcth-slide-text\">[vc_row][vc_column][vc_column_text]Los secadores industriales forman parte de los procesos de fabricaci\u00f3n en la industria agroalimentaria, de bioetanol, de bebidas (cervecer\u00edas y bebidas alcoh\u00f3licas) y alimentaria. Nuestro&hellip;<\/p><div class=\"mpcth-slide-trim\"><\/div><\/div><\/a><\/div><div class=\"mpcth-slide-wrap\"><a href=\"https:\/\/speedlog.de\/es\/news\/speedlog-transporta-partes-de-una-planta-mezcladora-de-asfalto-a-belgica\/\" class=\"mpcth-slide mpcth-slide-row-gap\"><img width=\"600\" height=\"450\" src=\"https:\/\/speedlog.de\/es\/wp-content\/uploads\/sites\/10\/2025\/04\/Speedlog-transportiert-Teile-einer-Asphaltmischanlage-nach-Belgien-600x450.jpg\" class=\"attachment-mpcth-horizontal-columns-2 size-mpcth-horizontal-columns-2 wp-post-image\" alt=\"\" decoding=\"async\" srcset=\"https:\/\/speedlog.de\/es\/wp-content\/uploads\/sites\/10\/2025\/04\/Speedlog-transportiert-Teile-einer-Asphaltmischanlage-nach-Belgien-600x450.jpg 600w, https:\/\/speedlog.de\/es\/wp-content\/uploads\/sites\/10\/2025\/04\/Speedlog-transportiert-Teile-einer-Asphaltmischanlage-nach-Belgien-400x300.jpg 400w, https:\/\/speedlog.de\/es\/wp-content\/uploads\/sites\/10\/2025\/04\/Speedlog-transportiert-Teile-einer-Asphaltmischanlage-nach-Belgien-300x225.jpg 300w\" sizes=\"(max-width: 600px) 100vw, 600px\" \/><div class=\"mpcth-slide-wrapper\"><h4 class=\"mpcth-slide-title\">Speedlog transporta partes de una planta mezcladora de asfalto a belgica<\/h4><time class=\"mpcth-slide-time\" datetime=\"2025-04-17T10:46:55+02:00\">17. April 2025<\/time><p class=\"mpcth-slide-text\">[vc_row][vc_column][vc_column_text]Nuestro cliente Ammann Asphalt GmbH nos encarg\u00f3 el transporte de componentes para una planta mezcladora industrial de asfalto a B\u00e9lgica. Los diferentes componentes se fabricaron&hellip;<\/p><div class=\"mpcth-slide-trim\"><\/div><\/div><\/a><a href=\"https:\/\/speedlog.de\/es\/news\/speedlog-transporta-una-maquina-industrial-de-brunir-a-eslovaquia\/\" class=\"mpcth-slide\"><img width=\"600\" height=\"450\" src=\"https:\/\/speedlog.de\/es\/wp-content\/uploads\/sites\/10\/2025\/01\/Bild1-1-600x450.jpg\" class=\"attachment-mpcth-horizontal-columns-2 size-mpcth-horizontal-columns-2 wp-post-image\" alt=\"\" decoding=\"async\" srcset=\"https:\/\/speedlog.de\/es\/wp-content\/uploads\/sites\/10\/2025\/01\/Bild1-1-600x450.jpg 600w, https:\/\/speedlog.de\/es\/wp-content\/uploads\/sites\/10\/2025\/01\/Bild1-1-502x377.jpg 502w, https:\/\/speedlog.de\/es\/wp-content\/uploads\/sites\/10\/2025\/01\/Bild1-1-400x300.jpg 400w, https:\/\/speedlog.de\/es\/wp-content\/uploads\/sites\/10\/2025\/01\/Bild1-1-300x225.jpg 300w, https:\/\/speedlog.de\/es\/wp-content\/uploads\/sites\/10\/2025\/01\/Bild1-1-24x18.jpg 24w, https:\/\/speedlog.de\/es\/wp-content\/uploads\/sites\/10\/2025\/01\/Bild1-1-36x27.jpg 36w, https:\/\/speedlog.de\/es\/wp-content\/uploads\/sites\/10\/2025\/01\/Bild1-1-48x36.jpg 48w, https:\/\/speedlog.de\/es\/wp-content\/uploads\/sites\/10\/2025\/01\/Bild1-1.jpg 605w\" sizes=\"(max-width: 600px) 100vw, 600px\" \/><div class=\"mpcth-slide-wrapper\"><h4 class=\"mpcth-slide-title\">Speedlog transporta una m\u00e1quina industrial de bru\u00f1ir a Eslovaquia<\/h4><time class=\"mpcth-slide-time\" datetime=\"2025-01-23T13:15:36+01:00\">23. Januar 2025<\/time><p class=\"mpcth-slide-text\">[vc_row][vc_column][vc_column_text]Un cliente de Krauthausen cerca de Eisenach nos encarg\u00f3 recientemente el transporte de una m\u00e1quina de precisi\u00f3n para afilar herramientas industriales a Dolny Kubin en&hellip;<\/p><div class=\"mpcth-slide-trim\"><\/div><\/div><\/a><\/div><div class=\"mpcth-slide-wrap\"><a href=\"https:\/\/speedlog.de\/es\/news\/speedlog-envia-mini-casas-tiny-houses-a-los-ee-uu\/\" class=\"mpcth-slide mpcth-slide-row-gap\"><img width=\"600\" height=\"450\" src=\"https:\/\/speedlog.de\/es\/wp-content\/uploads\/sites\/10\/2025\/01\/Bild3-600x450.jpg\" class=\"attachment-mpcth-horizontal-columns-2 size-mpcth-horizontal-columns-2 wp-post-image\" alt=\"\" decoding=\"async\" srcset=\"https:\/\/speedlog.de\/es\/wp-content\/uploads\/sites\/10\/2025\/01\/Bild3-600x450.jpg 600w, https:\/\/speedlog.de\/es\/wp-content\/uploads\/sites\/10\/2025\/01\/Bild3-1200x900.jpg 1200w, https:\/\/speedlog.de\/es\/wp-content\/uploads\/sites\/10\/2025\/01\/Bild3-400x300.jpg 400w, https:\/\/speedlog.de\/es\/wp-content\/uploads\/sites\/10\/2025\/01\/Bild3-300x225.jpg 300w\" sizes=\"(max-width: 600px) 100vw, 600px\" \/><div class=\"mpcth-slide-wrapper\"><h4 class=\"mpcth-slide-title\">Speedlog env\u00eda mini-casas ( \u201eTiny houses\u201c ) a los EE.UU.<\/h4><time class=\"mpcth-slide-time\" datetime=\"2025-01-06T12:06:21+01:00\">6. Januar 2025<\/time><p class=\"mpcth-slide-text\">[vc_row][vc_column][vc_column_text]La carpinter\u00eda Keitel en Lenne tiene una amplia gama de servicios. Las saunas de barril tambi\u00e9n forman parte de los productos ofertados por esta empresa&hellip;<\/p><div class=\"mpcth-slide-trim\"><\/div><\/div><\/a><a href=\"https:\/\/speedlog.de\/es\/news\/speedlog-transporta-pasarelas-puentes-de-embarque-a-final-de-su-vida-util-hacia-su-desguace\/\" class=\"mpcth-slide\"><img width=\"600\" height=\"450\" src=\"https:\/\/speedlog.de\/es\/wp-content\/uploads\/sites\/10\/2024\/11\/Bild6-e1731310903125-600x450.jpg\" class=\"attachment-mpcth-horizontal-columns-2 size-mpcth-horizontal-columns-2 wp-post-image\" alt=\"\" decoding=\"async\" srcset=\"https:\/\/speedlog.de\/es\/wp-content\/uploads\/sites\/10\/2024\/11\/Bild6-e1731310903125-600x450.jpg 600w, https:\/\/speedlog.de\/es\/wp-content\/uploads\/sites\/10\/2024\/11\/Bild6-e1731310903125-400x300.jpg 400w, https:\/\/speedlog.de\/es\/wp-content\/uploads\/sites\/10\/2024\/11\/Bild6-e1731310903125-300x225.jpg 300w\" sizes=\"(max-width: 600px) 100vw, 600px\" \/><div class=\"mpcth-slide-wrapper\"><h4 class=\"mpcth-slide-title\">Speedlog transporta pasarelas \/ puentes de embarque a final de su vida \u00fatil hac\u00eda su desguace<\/h4><time class=\"mpcth-slide-time\" datetime=\"2024-11-11T08:41:50+01:00\">11. November 2024<\/time><p class=\"mpcth-slide-text\">[vc_row][vc_column][vc_column_text]Incluso el producto de mejor calidad tiene una vida \u00fatil limitada. El aeropuerto de Munich tuvo que separarse de sus puentes de embarque ya desgastados&hellip;<\/p><div class=\"mpcth-slide-trim\"><\/div><\/div><\/a><\/div><\/div><\/div><\/div><a href=\"#\" class=\"mpcth-items-slider-next mpcth-color-main-color\"><i class=\"fa fa-angle-right\"><\/i><\/a><a href=\"#\" class=\"mpcth-items-slider-prev mpcth-color-main-color\"><i class=\"fa fa-angle-left\"><\/i><\/a><\/div>[\/vc_column][\/vc_row]<\/p>\n<div class=\"shariff\"><ul class=\"shariff-buttons theme-default orientation-horizontal buttonsize-medium\"><li class=\"shariff-button linkedin shariff-nocustomcolor\" style=\"background-color:#1488bf\"><a href=\"https:\/\/www.linkedin.com\/sharing\/share-offsite\/?url=https%3A%2F%2Fspeedlog.de%2Fes%2Fnews%2Fspeedlog-transporta-pasarelas-puentes-de-embarque-a-final-de-su-vida-util-hacia-su-desguace%2F\" title=\"Bei LinkedIn teilen\" aria-label=\"Bei LinkedIn teilen\" role=\"button\" rel=\"noopener nofollow\" class=\"shariff-link\" style=\"; background-color:#0077b5; color:#fff\" target=\"_blank\"><span class=\"shariff-icon\" style=\"\"><svg width=\"32px\" height=\"20px\" xmlns=\"http:\/\/www.w3.org\/2000\/svg\" viewBox=\"0 0 27 32\"><path fill=\"#0077b5\" d=\"M6.2 11.2v17.7h-5.9v-17.7h5.9zM6.6 5.7q0 1.3-0.9 2.2t-2.4 0.9h0q-1.5 0-2.4-0.9t-0.9-2.2 0.9-2.2 2.4-0.9 2.4 0.9 0.9 2.2zM27.4 18.7v10.1h-5.9v-9.5q0-1.9-0.7-2.9t-2.3-1.1q-1.1 0-1.9 0.6t-1.2 1.5q-0.2 0.5-0.2 1.4v9.9h-5.9q0-7.1 0-11.6t0-5.3l0-0.9h5.9v2.6h0q0.4-0.6 0.7-1t1-0.9 1.6-0.8 2-0.3q3 0 4.9 2t1.9 6z\"\/><\/svg><\/span><span class=\"shariff-text\">teilen<\/span>&nbsp;<\/a><\/li><li class=\"shariff-button facebook shariff-nocustomcolor\" style=\"background-color:#4273c8\"><a href=\"https:\/\/www.facebook.com\/sharer\/sharer.php?u=https%3A%2F%2Fspeedlog.de%2Fes%2Fnews%2Fspeedlog-transporta-pasarelas-puentes-de-embarque-a-final-de-su-vida-util-hacia-su-desguace%2F\" title=\"Bei Facebook teilen\" aria-label=\"Bei Facebook teilen\" role=\"button\" rel=\"nofollow\" class=\"shariff-link\" style=\"; background-color:#3b5998; color:#fff\" target=\"_blank\"><span class=\"shariff-icon\" style=\"\"><svg width=\"32px\" height=\"20px\" xmlns=\"http:\/\/www.w3.org\/2000\/svg\" viewBox=\"0 0 18 32\"><path fill=\"#3b5998\" d=\"M17.1 0.2v4.7h-2.8q-1.5 0-2.1 0.6t-0.5 1.9v3.4h5.2l-0.7 5.3h-4.5v13.6h-5.5v-13.6h-4.5v-5.3h4.5v-3.9q0-3.3 1.9-5.2t5-1.8q2.6 0 4.1 0.2z\"\/><\/svg><\/span><span class=\"shariff-text\">teilen<\/span>&nbsp;<\/a><\/li><li class=\"shariff-button twitter shariff-nocustomcolor\" style=\"background-color:#595959\"><a href=\"https:\/\/twitter.com\/share?url=https%3A%2F%2Fspeedlog.de%2Fes%2Fnews%2Fspeedlog-transporta-pasarelas-puentes-de-embarque-a-final-de-su-vida-util-hacia-su-desguace%2F&text=Speedlog%20transporta%20pasarelas%20%2F%20puentes%20de%20embarque%20a%20final%20de%20su%20vida%20%C3%BAtil%20hac%C3%ADa%20su%20desguace\" title=\"Bei X teilen\" aria-label=\"Bei X teilen\" role=\"button\" rel=\"noopener nofollow\" class=\"shariff-link\" style=\"; background-color:#000; color:#fff\" target=\"_blank\"><span class=\"shariff-icon\" style=\"\"><svg width=\"32px\" height=\"20px\" xmlns=\"http:\/\/www.w3.org\/2000\/svg\" viewBox=\"0 0 24 24\"><path fill=\"#000\" d=\"M14.258 10.152L23.176 0h-2.113l-7.747 8.813L7.133 0H0l9.352 13.328L0 23.973h2.113l8.176-9.309 6.531 9.309h7.133zm-2.895 3.293l-.949-1.328L2.875 1.56h3.246l6.086 8.523.945 1.328 7.91 11.078h-3.246zm0 0\"\/><\/svg><\/span><span class=\"shariff-text\">teilen<\/span>&nbsp;<\/a><\/li><li class=\"shariff-button xing shariff-nocustomcolor\" style=\"background-color:#29888a\"><a href=\"https:\/\/www.xing.com\/spi\/shares\/new?url=https%3A%2F%2Fspeedlog.de%2Fes%2Fnews%2Fspeedlog-transporta-pasarelas-puentes-de-embarque-a-final-de-su-vida-util-hacia-su-desguace%2F\" title=\"Bei XING teilen\" aria-label=\"Bei XING teilen\" role=\"button\" rel=\"noopener nofollow\" class=\"shariff-link\" style=\"; background-color:#126567; color:#fff\" target=\"_blank\"><span class=\"shariff-icon\" style=\"\"><svg width=\"32px\" height=\"20px\" xmlns=\"http:\/\/www.w3.org\/2000\/svg\" viewBox=\"0 0 25 32\"><path fill=\"#126567\" d=\"M10.7 11.9q-0.2 0.3-4.6 8.2-0.5 0.8-1.2 0.8h-4.3q-0.4 0-0.5-0.3t0-0.6l4.5-8q0 0 0 0l-2.9-5q-0.2-0.4 0-0.7 0.2-0.3 0.5-0.3h4.3q0.7 0 1.2 0.8zM25.1 0.4q0.2 0.3 0 0.7l-9.4 16.7 6 11q0.2 0.4 0 0.6-0.2 0.3-0.6 0.3h-4.3q-0.7 0-1.2-0.8l-6-11.1q0.3-0.6 9.5-16.8 0.4-0.8 1.2-0.8h4.3q0.4 0 0.5 0.3z\"\/><\/svg><\/span><span class=\"shariff-text\">teilen<\/span>&nbsp;<\/a><\/li><li class=\"shariff-button whatsapp shariff-nocustomcolor\" style=\"background-color:#5cbe4a\"><a href=\"https:\/\/api.whatsapp.com\/send?text=https%3A%2F%2Fspeedlog.de%2Fes%2Fnews%2Fspeedlog-transporta-pasarelas-puentes-de-embarque-a-final-de-su-vida-util-hacia-su-desguace%2F%20Speedlog%20transporta%20pasarelas%20%2F%20puentes%20de%20embarque%20a%20final%20de%20su%20vida%20%C3%BAtil%20hac%C3%ADa%20su%20desguace\" title=\"Bei Whatsapp teilen\" aria-label=\"Bei Whatsapp teilen\" role=\"button\" rel=\"noopener nofollow\" class=\"shariff-link\" style=\"; background-color:#34af23; color:#fff\" target=\"_blank\"><span class=\"shariff-icon\" style=\"\"><svg width=\"32px\" height=\"20px\" xmlns=\"http:\/\/www.w3.org\/2000\/svg\" viewBox=\"0 0 32 32\"><path fill=\"#34af23\" d=\"M17.6 17.4q0.2 0 1.7 0.8t1.6 0.9q0 0.1 0 0.3 0 0.6-0.3 1.4-0.3 0.7-1.3 1.2t-1.8 0.5q-1 0-3.4-1.1-1.7-0.8-3-2.1t-2.6-3.3q-1.3-1.9-1.3-3.5v-0.1q0.1-1.6 1.3-2.8 0.4-0.4 0.9-0.4 0.1 0 0.3 0t0.3 0q0.3 0 0.5 0.1t0.3 0.5q0.1 0.4 0.6 1.6t0.4 1.3q0 0.4-0.6 1t-0.6 0.8q0 0.1 0.1 0.3 0.6 1.3 1.8 2.4 1 0.9 2.7 1.8 0.2 0.1 0.4 0.1 0.3 0 1-0.9t0.9-0.9zM14 26.9q2.3 0 4.3-0.9t3.6-2.4 2.4-3.6 0.9-4.3-0.9-4.3-2.4-3.6-3.6-2.4-4.3-0.9-4.3 0.9-3.6 2.4-2.4 3.6-0.9 4.3q0 3.6 2.1 6.6l-1.4 4.2 4.3-1.4q2.8 1.9 6.2 1.9zM14 2.2q2.7 0 5.2 1.1t4.3 2.9 2.9 4.3 1.1 5.2-1.1 5.2-2.9 4.3-4.3 2.9-5.2 1.1q-3.5 0-6.5-1.7l-7.4 2.4 2.4-7.2q-1.9-3.2-1.9-6.9 0-2.7 1.1-5.2t2.9-4.3 4.3-2.9 5.2-1.1z\"\/><\/svg><\/span><span class=\"shariff-text\">teilen<\/span>&nbsp;<\/a><\/li><\/ul><\/div>","protected":false},"excerpt":{"rendered":"<p>[vc_row full_width=&#8220;stretch_row&#8220; overlay_color=&#8220;#1c1c1c&#8220; overlay_color_opacity=&#8220;40&#8243; overlay_pattern=&#8220;143&#8243; overlay_pattern_opacity=&#8220;50&#8243; toc_id=&#8220;about_us&#8220; el_class=&#8220;gray-arrow&#8220; css=&#8220;.vc_custom_1481102721333{margin-top: 0px !important;margin-bottom: 0px !important;padding-top: 60px !important;padding-bottom: 60px !important;}&#8220;][vc_column][vc_custom_heading text=&#8220;APROV\u00c9CHESE DE NUESTROS SERVICIOS ADUANEROS COMO LO HACEN YA OTROS MUCHOS CLIENTES.&#8220; font_container=&#8220;tag:h2|text_align:center|color:%23003887|line_height:1&#8243; use_theme_fonts=&#8220;yes&#8220;][\/vc_column][\/vc_row][vc_row css=&#8220;.vc_custom_1481119406387{padding-top: 30px !important;}&#8220;][vc_column width=&#8220;1\/2&#8243;][vc_single_image image=&#8220;2574&#8243; img_size=&#8220;full&#8220;][\/vc_column][vc_column width=&#8220;1\/2&#8243;][vc_row_inner css=&#8220;.vc_custom_1481119468242{margin-bottom: 40px !important;}&#8220;][vc_column_inner][vc_custom_heading text=&#8220;Si lo desea, Speedlog elabora para usted los documentos acompa\u00f1antes necesarios y correspondientes a&#8230;<\/p>\n","protected":false},"author":1,"featured_media":0,"parent":2372,"menu_order":0,"comment_status":"closed","ping_status":"closed","template":"template-fullwidth.php","meta":{"footnotes":""},"acf":[],"yoast_head":"<!-- This site is optimized with the Yoast SEO plugin v22.6 - https:\/\/yoast.com\/wordpress\/plugins\/seo\/ -->\n<title>Aduanas - Speedlog - Transporte y Log\u00edstica Internacional<\/title>\n<meta name=\"description\" content=\"Aprov\u00e9chese de nuestros servicios aduaneros como lo hacen ya otros muchos clientes. Nosotros lo arreglamos para usted.\" \/>\n<meta name=\"robots\" content=\"index, follow, max-snippet:-1, max-image-preview:large, max-video-preview:-1\" \/>\n<link rel=\"canonical\" href=\"https:\/\/speedlog.de\/es\/servicios\/aduanas\/\" \/>\n<meta property=\"og:locale\" content=\"de_DE\" \/>\n<meta property=\"og:type\" content=\"article\" \/>\n<meta property=\"og:title\" content=\"Aduanas - Speedlog - Transporte y Log\u00edstica Internacional\" \/>\n<meta property=\"og:description\" content=\"Aprov\u00e9chese de nuestros servicios aduaneros como lo hacen ya otros muchos clientes. Nosotros lo arreglamos para usted.\" \/>\n<meta property=\"og:url\" content=\"https:\/\/speedlog.de\/es\/servicios\/aduanas\/\" \/>\n<meta property=\"og:site_name\" content=\"Speedlog - Transporte y Log\u00edstica Internacional\" \/>\n<meta property=\"article:modified_time\" content=\"2016-12-13T13:12:33+00:00\" \/>\n<meta name=\"twitter:card\" content=\"summary_large_image\" \/>\n<meta name=\"twitter:label1\" content=\"Gesch\u00e4tzte Lesezeit\" \/>\n\t<meta name=\"twitter:data1\" content=\"2\u00a0Minuten\" \/>\n<script type=\"application\/ld+json\" class=\"yoast-schema-graph\">{\"@context\":\"https:\/\/schema.org\",\"@graph\":[{\"@type\":\"WebPage\",\"@id\":\"https:\/\/speedlog.de\/es\/servicios\/aduanas\/\",\"url\":\"https:\/\/speedlog.de\/es\/servicios\/aduanas\/\",\"name\":\"Aduanas - Speedlog - Transporte y Log\u00edstica Internacional\",\"isPartOf\":{\"@id\":\"https:\/\/speedlog.de\/es\/#website\"},\"datePublished\":\"2016-12-07T19:33:08+00:00\",\"dateModified\":\"2016-12-13T13:12:33+00:00\",\"description\":\"Aprov\u00e9chese de nuestros servicios aduaneros como lo hacen ya otros muchos clientes. Nosotros lo arreglamos para usted.\",\"breadcrumb\":{\"@id\":\"https:\/\/speedlog.de\/es\/servicios\/aduanas\/#breadcrumb\"},\"inLanguage\":\"de\",\"potentialAction\":[{\"@type\":\"ReadAction\",\"target\":[\"https:\/\/speedlog.de\/es\/servicios\/aduanas\/\"]}]},{\"@type\":\"BreadcrumbList\",\"@id\":\"https:\/\/speedlog.de\/es\/servicios\/aduanas\/#breadcrumb\",\"itemListElement\":[{\"@type\":\"ListItem\",\"position\":1,\"name\":\"Home\",\"item\":\"https:\/\/speedlog.de\/es\/\"},{\"@type\":\"ListItem\",\"position\":2,\"name\":\"Servicios\",\"item\":\"https:\/\/speedlog.de\/es\/servicios\/\"},{\"@type\":\"ListItem\",\"position\":3,\"name\":\"Aduanas\"}]},{\"@type\":\"WebSite\",\"@id\":\"https:\/\/speedlog.de\/es\/#website\",\"url\":\"https:\/\/speedlog.de\/es\/\",\"name\":\"Speedlog - Transporte y Log\u00edstica Internacional\",\"description\":\"\",\"potentialAction\":[{\"@type\":\"SearchAction\",\"target\":{\"@type\":\"EntryPoint\",\"urlTemplate\":\"https:\/\/speedlog.de\/es\/?s={search_term_string}\"},\"query-input\":\"required name=search_term_string\"}],\"inLanguage\":\"de\"}]}<\/script>\n<!-- \/ Yoast SEO plugin. -->","yoast_head_json":{"title":"Aduanas - Speedlog - Transporte y Log\u00edstica Internacional","description":"Aprov\u00e9chese de nuestros servicios aduaneros como lo hacen ya otros muchos clientes. Nosotros lo arreglamos para usted.","robots":{"index":"index","follow":"follow","max-snippet":"max-snippet:-1","max-image-preview":"max-image-preview:large","max-video-preview":"max-video-preview:-1"},"canonical":"https:\/\/speedlog.de\/es\/servicios\/aduanas\/","og_locale":"de_DE","og_type":"article","og_title":"Aduanas - Speedlog - Transporte y Log\u00edstica Internacional","og_description":"Aprov\u00e9chese de nuestros servicios aduaneros como lo hacen ya otros muchos clientes. Nosotros lo arreglamos para usted.","og_url":"https:\/\/speedlog.de\/es\/servicios\/aduanas\/","og_site_name":"Speedlog - Transporte y Log\u00edstica Internacional","article_modified_time":"2016-12-13T13:12:33+00:00","twitter_card":"summary_large_image","twitter_misc":{"Gesch\u00e4tzte Lesezeit":"2\u00a0Minuten"},"schema":{"@context":"https:\/\/schema.org","@graph":[{"@type":"WebPage","@id":"https:\/\/speedlog.de\/es\/servicios\/aduanas\/","url":"https:\/\/speedlog.de\/es\/servicios\/aduanas\/","name":"Aduanas - Speedlog - Transporte y Log\u00edstica Internacional","isPartOf":{"@id":"https:\/\/speedlog.de\/es\/#website"},"datePublished":"2016-12-07T19:33:08+00:00","dateModified":"2016-12-13T13:12:33+00:00","description":"Aprov\u00e9chese de nuestros servicios aduaneros como lo hacen ya otros muchos clientes. Nosotros lo arreglamos para usted.","breadcrumb":{"@id":"https:\/\/speedlog.de\/es\/servicios\/aduanas\/#breadcrumb"},"inLanguage":"de","potentialAction":[{"@type":"ReadAction","target":["https:\/\/speedlog.de\/es\/servicios\/aduanas\/"]}]},{"@type":"BreadcrumbList","@id":"https:\/\/speedlog.de\/es\/servicios\/aduanas\/#breadcrumb","itemListElement":[{"@type":"ListItem","position":1,"name":"Home","item":"https:\/\/speedlog.de\/es\/"},{"@type":"ListItem","position":2,"name":"Servicios","item":"https:\/\/speedlog.de\/es\/servicios\/"},{"@type":"ListItem","position":3,"name":"Aduanas"}]},{"@type":"WebSite","@id":"https:\/\/speedlog.de\/es\/#website","url":"https:\/\/speedlog.de\/es\/","name":"Speedlog - Transporte y Log\u00edstica Internacional","description":"","potentialAction":[{"@type":"SearchAction","target":{"@type":"EntryPoint","urlTemplate":"https:\/\/speedlog.de\/es\/?s={search_term_string}"},"query-input":"required name=search_term_string"}],"inLanguage":"de"}]}},"_links":{"self":[{"href":"https:\/\/speedlog.de\/es\/wp-json\/wp\/v2\/pages\/2852"}],"collection":[{"href":"https:\/\/speedlog.de\/es\/wp-json\/wp\/v2\/pages"}],"about":[{"href":"https:\/\/speedlog.de\/es\/wp-json\/wp\/v2\/types\/page"}],"author":[{"embeddable":true,"href":"https:\/\/speedlog.de\/es\/wp-json\/wp\/v2\/users\/1"}],"replies":[{"embeddable":true,"href":"https:\/\/speedlog.de\/es\/wp-json\/wp\/v2\/comments?post=2852"}],"version-history":[{"count":4,"href":"https:\/\/speedlog.de\/es\/wp-json\/wp\/v2\/pages\/2852\/revisions"}],"predecessor-version":[{"id":2942,"href":"https:\/\/speedlog.de\/es\/wp-json\/wp\/v2\/pages\/2852\/revisions\/2942"}],"up":[{"embeddable":true,"href":"https:\/\/speedlog.de\/es\/wp-json\/wp\/v2\/pages\/2372"}],"wp:attachment":[{"href":"https:\/\/speedlog.de\/es\/wp-json\/wp\/v2\/media?parent=2852"}],"curies":[{"name":"wp","href":"https:\/\/api.w.org\/{rel}","templated":true}]}}