{"id":3186,"date":"2019-12-12T10:56:26","date_gmt":"2019-12-12T09:56:26","guid":{"rendered":"https:\/\/speedlog.de\/es\/?page_id=3186"},"modified":"2026-02-18T18:03:31","modified_gmt":"2026-02-18T17:03:31","slug":"contactenos-2","status":"publish","type":"page","link":"https:\/\/speedlog.de\/es\/contactenos-2\/","title":{"rendered":"Cont\u00e1ctenos"},"content":{"rendered":"<p>[vc_row full_width=&#8220;stretch_row&#8220; content_placement=&#8220;middle&#8220; css=&#8220;.vc_custom_1543223866492{margin-bottom: 0px !important;padding-top: 150px !important;padding-bottom: 138px !important;background-image: url(https:\/\/speedlog.de\/wp-content\/uploads\/2016\/12\/speedlog-landtransport-bg.jpg?id=2811) !important;}&#8220;][vc_column][vc_custom_heading text=&#8220;Cont\u00e1ctenos &#8211; Su persona de contacto en Speedlog&#8220; font_container=&#8220;tag:h2|text_align:center|color:%23ffffff|line_height:1&#8243; use_theme_fonts=&#8220;yes&#8220;][\/vc_column][\/vc_row][vc_row full_width=&#8220;stretch_row&#8220; overlay_color=&#8220;#1c1c1c&#8220; overlay_color_opacity=&#8220;40&#8243; overlay_pattern=&#8220;143&#8243; overlay_pattern_opacity=&#8220;50&#8243; css=&#8220;.vc_custom_1484559710781{margin-top: 0px !important;margin-bottom: 0px !important;padding-top: 60px !important;padding-bottom: 60px !important;background-image: url(http:\/\/mpctest2.wpengine.com\/wp-content\/uploads\/2014\/12\/05.jpg?id=112) !important;}&#8220; toc_id=&#8220;contact&#8220; bg_image_fb=&#8220;112&#8243; el_class=&#8220;gray-arrow&#8220;][vc_column][vc_row_inner css=&#8220;.vc_custom_1418288105829{margin-bottom: -30px !important;}&#8220;][vc_column_inner][vc_custom_heading text=&#8220;Recibimos con mucho gusto su mensaje&#8220; font_container=&#8220;tag:h2|text_align:center|color:%23083986|line_height:1&#8243; use_theme_fonts=&#8220;yes&#8220;][\/vc_column_inner][\/vc_row_inner][vc_row_inner css=&#8220;.vc_custom_1418288125951{margin-bottom: -30px !important;}&#8220;][vc_column_inner][vc_separator color=&#8220;custom&#8220; el_width=&#8220;20&#8243; accent_color=&#8220;#bbbbbb&#8220;][\/vc_column_inner][\/vc_row_inner][vc_row_inner css=&#8220;.vc_custom_1481189927187{padding-top: 50px !important;}&#8220;][vc_column_inner width=&#8220;1\/2&#8243;][vc_custom_heading text=&#8220;EN KASSEL, EN EL MEDIO DE ALEMANIA Y SIENDO UN PUNTO ESTRAT\u00c9GICO DEL TR\u00c1FICO DE MERCANC\u00cdAS, SE FUND\u00d3 EN EL A\u00d1O 2010 LA EMPRESA SPEEDLOG GMBH INTERNATIONALE SPEDITION.&#8220; font_container=&#8220;tag:h3|font_size:20|text_align:left|color:%23003887&#8243; use_theme_fonts=&#8220;yes&#8220;][vc_custom_heading text=&#8220;Nuestro socio ejecutivo Grigo Simsek \u2013 Master en Log\u00edstica y Transporte, economista log\u00edstico y licenciado en Administraci\u00f3n y Direcci\u00f3n de empresas \u2013 y sus experimentados y competentes empleados se encargan desde aqu\u00ed de unos transportes seguros y un suministro puntual de la mercanc\u00eda de nuestros clientes.&#8220; font_container=&#8220;tag:p|font_size:20|text_align:left|color:%23003887&#8243; use_theme_fonts=&#8220;yes&#8220;][vc_custom_heading text=&#8220;&#8220; font_container=&#8220;tag:p|font_size:20|text_align:left|color:%23003887&#8243; use_theme_fonts=&#8220;yes&#8220;][\/vc_column_inner][vc_column_inner width=&#8220;1\/2&#8243;][contact-form-7 id=&#8220;2614&#8243;][\/vc_column_inner][\/vc_row_inner][\/vc_column][\/vc_row][vc_row full_width=&#8220;stretch_row&#8220; overlay_color=&#8220;#ffffff&#8220; overlay_color_opacity=&#8220;100&#8243; overlay_pattern_opacity=&#8220;&#8220; css=&#8220;.vc_custom_1575277805752{padding-top: 60px !important;padding-bottom: 40px !important;background-color: #f4f4f4 !important;}&#8220; toc_id=&#8220;our_team&#8220;][vc_column][vc_custom_heading text=&#8220;Director general&#8220; font_container=&#8220;tag:h3|text_align:center|color:%23083986|line_height:1&#8243; use_theme_fonts=&#8220;yes&#8220;][vc_separator color=&#8220;custom&#8220; el_width=&#8220;100&#8243; accent_color=&#8220;#083986&#8243; css=&#8220;.vc_custom_1575276874781{padding-bottom: 30px !important;}&#8220;][vc_row_inner css=&#8220;.vc_custom_1418128555232{margin-top: -20px !important;}&#8220;][vc_column_inner][vc_custom_heading text=&#8220;Grigo Simsek&#8220; font_container=&#8220;tag:h4|font_size:20|text_align:center|color:%235f5f5f|line_height:0.5&#8243; use_theme_fonts=&#8220;yes&#8220; css=&#8220;.vc_custom_1575275675199{padding-top: 0px !important;padding-bottom: 0px !important;}&#8220;][vc_separator color=&#8220;custom&#8220; el_width=&#8220;20&#8243; accent_color=&#8220;#ededed&#8220;][vc_column_text]<\/p>\n<p style=\"text-align: center;\">Tel.: +49 561 \u2013 589 468 \u2013 100<br \/>\nE-Mail: <a href=\"mailto:grigo.simsek@speedlog.de\">grigo.simsek@speedlog.de<\/a>[\/vc_column_text][\/vc_column_inner][\/vc_row_inner][vc_custom_heading text=&#8220;Centralita, secretariado&#8220; font_container=&#8220;tag:h3|text_align:center|color:%23083986|line_height:1&#8243; use_theme_fonts=&#8220;yes&#8220; css=&#8220;.vc_custom_1700739259313{padding-top: 30px !important;}&#8220;][vc_separator color=&#8220;custom&#8220; el_width=&#8220;100&#8243; accent_color=&#8220;#083986&#8243; css=&#8220;.vc_custom_1575276895425{padding-bottom: 30px !important;}&#8220;][vc_row_inner css=&#8220;.vc_custom_1418128555232{margin-top: -20px !important;}&#8220;][vc_column_inner][vc_custom_heading text=&#8220;Galyna Kraus&#8220; font_container=&#8220;tag:h4|font_size:20|text_align:center|color:%235f5f5f|line_height:0.5&#8243; use_theme_fonts=&#8220;yes&#8220; css=&#8220;.vc_custom_1755270809179{padding-top: 0px !important;padding-bottom: 0px !important;}&#8220;][vc_separator color=&#8220;custom&#8220; el_width=&#8220;20&#8243; accent_color=&#8220;#ededed&#8220;][vc_column_text]<\/p>\n<p style=\"text-align: center;\">Tel.: +49 561 \u2013 589 468 -108 \/ -109<br \/>\nE-Mail: <a href=\"mailto:zentrale@speedlog.de\">zentrale@speedlog.de<\/a>[\/vc_column_text][\/vc_column_inner][\/vc_row_inner][vc_custom_heading text=&#8220;Comercial \/ Ventas&#8220; font_container=&#8220;tag:h3|text_align:center|color:%23083986|line_height:1&#8243; use_theme_fonts=&#8220;yes&#8220; css=&#8220;.vc_custom_1700739282913{padding-top: 30px !important;}&#8220;][vc_separator color=&#8220;custom&#8220; el_width=&#8220;100&#8243; accent_color=&#8220;#083986&#8243; css=&#8220;.vc_custom_1575276895425{padding-bottom: 30px !important;}&#8220;][vc_row_inner css=&#8220;.vc_custom_1418128555232{margin-top: -20px !important;}&#8220;][vc_column_inner][vc_custom_heading text=&#8220;Arnulf Behrendt&#8220; font_container=&#8220;tag:h4|font_size:20|text_align:center|color:%235f5f5f|line_height:0.5&#8243; use_theme_fonts=&#8220;yes&#8220; css=&#8220;.vc_custom_1575275889646{padding-top: 0px !important;padding-bottom: 0px !important;}&#8220;][vc_separator color=&#8220;custom&#8220; el_width=&#8220;20&#8243; accent_color=&#8220;#ededed&#8220;][vc_column_text]<\/p>\n<p style=\"text-align: center;\">Tel.: +49 561 \u2013 589 468 -101<br \/>\nE-Mail: <a href=\"mailto:arnulf.behrendt@speedlog.de\">arnulf.behrendt@speedlog.de<\/a>[\/vc_column_text][\/vc_column_inner][\/vc_row_inner][vc_custom_heading text=&#8220;Transportes terrestres&#8220; font_container=&#8220;tag:h3|text_align:center|color:%23083986|line_height:1&#8243; use_theme_fonts=&#8220;yes&#8220; css=&#8220;.vc_custom_1698421720948{padding-top: 30px !important;}&#8220;][vc_separator color=&#8220;custom&#8220; el_width=&#8220;100&#8243; accent_color=&#8220;#083986&#8243; css=&#8220;.vc_custom_1575276920440{padding-bottom: 30px !important;}&#8220;][vc_row_inner css=&#8220;.vc_custom_1418128555232{margin-top: -20px !important;}&#8220;][vc_column_inner width=&#8220;1\/2&#8243;][vc_custom_heading text=&#8220;Sargon Simsek&#8220; font_container=&#8220;tag:h4|font_size:20|text_align:center|color:%235f5f5f|line_height:0.5&#8243; use_theme_fonts=&#8220;yes&#8220;][vc_custom_heading text=&#8220;jefe de departamento, disposici\u00f3n&#8220; font_container=&#8220;tag:h4|font_size:20|text_align:center|color:%235f5f5f|line_height:1.5&#8243; use_theme_fonts=&#8220;yes&#8220;][vc_separator color=&#8220;custom&#8220; el_width=&#8220;20&#8243; accent_color=&#8220;#ededed&#8220;][vc_column_text]<\/p>\n<p style=\"text-align: center;\">Tel.: +49 561 \u2013 589 468 -118\/119<br \/>\nE-Mail: <a href=\"mailto:dispo@speedlog.de\">dispo@speedlog.de<\/a>[\/vc_column_text][\/vc_column_inner][vc_column_inner width=&#8220;1\/2&#8243;][vc_custom_heading text=&#8220;Vanessa Tarkowski&#8220; font_container=&#8220;tag:h4|font_size:20|text_align:center|color:%235f5f5f|line_height:0.5&#8243; use_theme_fonts=&#8220;yes&#8220;][vc_custom_heading text=&#8220;Disposici\u00f3n propios camiones&#8220; font_container=&#8220;tag:h4|font_size:20|text_align:center|color:%235f5f5f|line_height:0.5&#8243; use_theme_fonts=&#8220;yes&#8220;][vc_separator color=&#8220;custom&#8220; el_width=&#8220;20&#8243; accent_color=&#8220;#ededed&#8220;][vc_column_text]<\/p>\n<p style=\"text-align: center;\">Tel.: +49 561 \u2013 589 468 -113 \/ -114<br \/>\nE-Mail: <a href=\"mailto:dispo@speedlog.de\">dispo@speedlog.de<\/a>[\/vc_column_text][\/vc_column_inner][\/vc_row_inner][vc_row_inner css=&#8220;.vc_custom_1418128555232{margin-top: -20px !important;}&#8220;][vc_column_inner width=&#8220;1\/2&#8243;][vc_custom_heading text=&#8220;Sigurd Bentlin&#8220; font_container=&#8220;tag:h4|font_size:20|text_align:center|color:%235f5f5f|line_height:0.5&#8243; use_theme_fonts=&#8220;yes&#8220;][vc_custom_heading text=&#8220;Disposici\u00f3n propios camiones&#8220; font_container=&#8220;tag:h4|font_size:20|text_align:center|color:%235f5f5f|line_height:1.5&#8243; use_theme_fonts=&#8220;yes&#8220;][vc_column_text]<\/p>\n<p style=\"text-align: center;\">Tel.: +49 561 \u2013 589 468 -111<br \/>\nE-Mail: <a href=\"mailto:dispo@speedlog.de\">dispo@speedlog.de<\/a>[\/vc_column_text][vc_separator color=&#8220;custom&#8220; el_width=&#8220;20&#8243; accent_color=&#8220;#ededed&#8220;][\/vc_column_inner][vc_column_inner width=&#8220;1\/2&#8243;][vc_custom_heading text=&#8220;Marcel Hertwig&#8220; font_container=&#8220;tag:h4|font_size:20|text_align:center|color:%235f5f5f|line_height:0.5&#8243; use_theme_fonts=&#8220;yes&#8220;][vc_custom_heading text=&#8220;Disposici\u00f3n propios camiones&#8220; font_container=&#8220;tag:h4|font_size:20|text_align:center|color:%235f5f5f|line_height:0.5&#8243; use_theme_fonts=&#8220;yes&#8220;][vc_separator color=&#8220;custom&#8220; el_width=&#8220;20&#8243; accent_color=&#8220;#ededed&#8220;][vc_column_text]<\/p>\n<p style=\"text-align: center;\">Tel.: +49 561 \u2013 589 468 -115 \/ -116<br \/>\nE-Mail: <a href=\"mailto:dispo@speedlog.de\">dispo@speedlog.de<\/a>[\/vc_column_text][\/vc_column_inner][\/vc_row_inner][vc_custom_heading text=&#8220;Transportes terrestres Espa\u00f1a \/ Francia&#8220; font_container=&#8220;tag:h3|text_align:center|color:%23083986|line_height:1&#8243; use_theme_fonts=&#8220;yes&#8220; css=&#8220;.vc_custom_1698422088995{padding-top: 30px !important;}&#8220;][vc_separator color=&#8220;custom&#8220; el_width=&#8220;100&#8243; accent_color=&#8220;#083986&#8243; css=&#8220;.vc_custom_1575276920440{padding-bottom: 30px !important;}&#8220;][vc_row_inner css=&#8220;.vc_custom_1418128555232{margin-top: -20px !important;}&#8220;][vc_column_inner][\/vc_column_inner][vc_column_inner width=&#8220;1\/2&#8243;][vc_custom_heading text=&#8220;Bj\u00f6rn Kaiser&#8220; font_container=&#8220;tag:h4|font_size:20|text_align:center|color:%235f5f5f|line_height:0.5&#8243; use_theme_fonts=&#8220;yes&#8220;][vc_custom_heading text=&#8220;Jefe de departamento, disposici\u00f3n&#8220; font_container=&#8220;tag:h4|font_size:20|text_align:center|color:%235f5f5f|line_height:0.5&#8243; use_theme_fonts=&#8220;yes&#8220;][vc_separator color=&#8220;custom&#8220; el_width=&#8220;20&#8243; accent_color=&#8220;#ededed&#8220;][vc_column_text]<\/p>\n<p style=\"text-align: center;\">Tel.: +49 561 \u2013 589 468 -122 &amp; 123<br \/>\nE-Mail: <a href=\"mailto:iberia@speedlog.de\">iberia@speedlog.de<\/a>[\/vc_column_text][\/vc_column_inner][vc_column_inner width=&#8220;1\/2&#8243;][vc_custom_heading text=&#8220;Dennis Dundukov&#8220; font_container=&#8220;tag:h4|font_size:20|text_align:center|color:%235f5f5f|line_height:0.5&#8243; use_theme_fonts=&#8220;yes&#8220;][vc_custom_heading text=&#8220;Disposici\u00f3n&#8220; font_container=&#8220;tag:h4|font_size:20|text_align:center|color:%235f5f5f|line_height:0.5&#8243; use_theme_fonts=&#8220;yes&#8220;][vc_separator color=&#8220;custom&#8220; el_width=&#8220;20&#8243; accent_color=&#8220;#ededed&#8220;][vc_column_text]<\/p>\n<p style=\"text-align: center;\">Tel.: +49 561 \u2013 589 468 -120 &amp; 121<br \/>\nE-Mail: <a href=\"mailto:dennis.dundukov@speedlog.de\">dennis.dundukov@speedlog.de<\/a>[\/vc_column_text][\/vc_column_inner][\/vc_row_inner][vc_custom_heading text=&#8220;Mar\u00edtimo y a\u00e9reo, Aduanas&#8220; font_container=&#8220;tag:h3|text_align:center|color:%23083986|line_height:1&#8243; use_theme_fonts=&#8220;yes&#8220; css=&#8220;.vc_custom_1698422150394{padding-top: 30px !important;}&#8220;][vc_separator color=&#8220;custom&#8220; el_width=&#8220;100&#8243; accent_color=&#8220;#083986&#8243; css=&#8220;.vc_custom_1575276938498{padding-bottom: 30px !important;}&#8220;][vc_row_inner css=&#8220;.vc_custom_1418128555232{margin-top: -20px !important;}&#8220;][vc_column_inner][vc_custom_heading text=&#8220;Melanie Esche&#8220; font_container=&#8220;tag:h4|font_size:20|text_align:center|color:%235f5f5f|line_height:0.5&#8243; use_theme_fonts=&#8220;yes&#8220;][vc_custom_heading text=&#8220;Jefe de departamento, disposici\u00f3n exportaci\u00f3n\/importaci\u00f3n,&#8220; font_container=&#8220;tag:h4|font_size:20|text_align:center|color:%235f5f5f|line_height:0.5&#8243; use_theme_fonts=&#8220;yes&#8220;][vc_custom_heading text=&#8220;especi\u00e1lista de aduanas&#8220; font_container=&#8220;tag:h4|font_size:20|text_align:center|color:%235f5f5f|line_height:0.5&#8243; use_theme_fonts=&#8220;yes&#8220;][vc_separator color=&#8220;custom&#8220; el_width=&#8220;20&#8243; accent_color=&#8220;#ededed&#8220;][vc_column_text]<\/p>\n<p style=\"text-align: center;\">Tel.: +49 561 \u2013 589 468 -126\/127<br \/>\nE-Mail: <a href=\"mailto:customs@speedlog.de\">customs@speedlog.de<\/a>[\/vc_column_text][\/vc_column_inner][\/vc_row_inner][vc_custom_heading text=&#8220;Facturaci\u00f3n \/ Contabilidad&#8220; font_container=&#8220;tag:h3|text_align:center|color:%23083986|line_height:1&#8243; use_theme_fonts=&#8220;yes&#8220; css=&#8220;.vc_custom_1576146293567{padding-top: 30px !important;}&#8220;][vc_separator color=&#8220;custom&#8220; el_width=&#8220;100&#8243; accent_color=&#8220;#083986&#8243; css=&#8220;.vc_custom_1575276955875{padding-bottom: 30px !important;}&#8220;][vc_row_inner css=&#8220;.vc_custom_1418128555232{margin-top: -20px !important;}&#8220;][vc_column_inner width=&#8220;1\/2&#8243;][vc_custom_heading text=&#8220;Nina Piller&#8220; font_container=&#8220;tag:h4|font_size:20|text_align:center|color:%235f5f5f|line_height:0.5&#8243; use_theme_fonts=&#8220;yes&#8220;][vc_custom_heading text=&#8220;Jefe de departamento&#8220; font_container=&#8220;tag:h4|font_size:20|text_align:center|color:%235f5f5f|line_height:0.5&#8243; use_theme_fonts=&#8220;yes&#8220;][vc_separator color=&#8220;custom&#8220; el_width=&#8220;20&#8243; accent_color=&#8220;#ededed&#8220;][vc_column_text]<\/p>\n<p style=\"text-align: center;\">Tel.: +49 561 \u2013 589 468 -105<br \/>\nE-Mail: <a href=\"mailto:abrechnung@speedlog.de\">abrechnung@speedlog.de<\/a>[\/vc_column_text][\/vc_column_inner][vc_column_inner width=&#8220;1\/2&#8243;][vc_custom_heading text=&#8220;J\u00f6rg L\u00fcben&#8220; font_container=&#8220;tag:h4|font_size:20|text_align:center|color:%235f5f5f|line_height:0.5&#8243; use_theme_fonts=&#8220;yes&#8220;][vc_separator color=&#8220;custom&#8220; el_width=&#8220;20&#8243; accent_color=&#8220;#ededed&#8220;][vc_column_text]<\/p>\n<p style=\"text-align: center;\">Tel.: +49 561 \u2013 589 468 -1o2<br \/>\nE-Mail: <a href=\"mailto:abrechnung@speedlog.de\">abrechnung@speedlog.de<\/a>[\/vc_column_text][\/vc_column_inner][\/vc_row_inner][vc_row_inner css=&#8220;.vc_custom_1418128555232{margin-top: -20px !important;}&#8220;][vc_column_inner width=&#8220;1\/3&#8243;][vc_custom_heading text=&#8220;Elif Ayhan&#8220; font_container=&#8220;tag:h4|font_size:20|text_align:center|color:%235f5f5f|line_height:0.5&#8243; use_theme_fonts=&#8220;yes&#8220;][vc_separator color=&#8220;custom&#8220; el_width=&#8220;20&#8243; accent_color=&#8220;#ededed&#8220;][vc_column_text]<\/p>\n<p style=\"text-align: center;\">Tel.: +49 561 \u2013 589 468 -107<br \/>\nE-Mail: <a href=\"mailto:abrechnung@speedlog.de\">abrechnung@speedlog.de<\/a>[\/vc_column_text][\/vc_column_inner][vc_column_inner width=&#8220;1\/3&#8243;][vc_custom_heading text=&#8220;Alexandra Proske&#8220; font_container=&#8220;tag:h4|font_size:20|text_align:center|color:%235f5f5f|line_height:0.5&#8243; use_theme_fonts=&#8220;yes&#8220;][vc_separator color=&#8220;custom&#8220; el_width=&#8220;20&#8243; accent_color=&#8220;#ededed&#8220;][vc_column_text]<\/p>\n<p style=\"text-align: center;\">Tel.: +49 561 \u2013 589 468 -106<br \/>\nE-Mail: <a href=\"mailto:abrechnung@speedlog.de\">abrechnung@speedlog.de<\/a>[\/vc_column_text][vc_separator color=&#8220;custom&#8220; el_width=&#8220;20&#8243; accent_color=&#8220;#ededed&#8220;][\/vc_column_inner][vc_column_inner width=&#8220;1\/3&#8243;][vc_custom_heading text=&#8220;Helena Alem&#8220; font_container=&#8220;tag:h4|font_size:20|text_align:center|color:%235f5f5f|line_height:0.5&#8243; use_theme_fonts=&#8220;yes&#8220;][vc_separator color=&#8220;custom&#8220; el_width=&#8220;20&#8243; accent_color=&#8220;#ededed&#8220;][vc_column_text]<\/p>\n<p style=\"text-align: center;\">Tel.: +49 561 \u2013 589 468 -103<br \/>\nE-Mail: <a href=\"mailto:abrechnung@speedlog.de\">abrechnung@speedlog.de<\/a>[\/vc_column_text][\/vc_column_inner][\/vc_row_inner][vc_custom_heading text=&#8220;Procesamiento de reclamos y seguros&#8220; font_container=&#8220;tag:h3|text_align:center|color:%23083986|line_height:1&#8243; use_theme_fonts=&#8220;yes&#8220; css=&#8220;.vc_custom_1672830584596{padding-top: 30px !important;}&#8220;][vc_separator color=&#8220;custom&#8220; el_width=&#8220;100&#8243; accent_color=&#8220;#083986&#8243; css=&#8220;.vc_custom_1575276955875{padding-bottom: 30px !important;}&#8220;][vc_row_inner css=&#8220;.vc_custom_1418128555232{margin-top: -20px !important;}&#8220;][vc_column_inner][vc_custom_heading text=&#8220;Ninorta Simsek&#8220; font_container=&#8220;tag:h4|font_size:20|text_align:center|color:%235f5f5f|line_height:0.5&#8243; use_theme_fonts=&#8220;yes&#8220;][vc_separator color=&#8220;custom&#8220; el_width=&#8220;20&#8243; accent_color=&#8220;#ededed&#8220;][vc_column_text]<\/p>\n<p style=\"text-align: center;\">Tel.: +49 561 \u2013 589 468 -128<br \/>\nE-Mail: <a href=\"mailto:ninorta.simsek@speedlog.de\">ninorta.simsek@speedlog.de<\/a>[\/vc_column_text][\/vc_column_inner][\/vc_row_inner][vc_custom_heading text=&#8220;Almacen&#8220; font_container=&#8220;tag:h3|text_align:center|color:%23083986|line_height:1&#8243; use_theme_fonts=&#8220;yes&#8220; css=&#8220;.vc_custom_1700739596161{padding-top: 30px !important;}&#8220;][vc_separator color=&#8220;custom&#8220; el_width=&#8220;100&#8243; accent_color=&#8220;#083986&#8243; css=&#8220;.vc_custom_1575276955875{padding-bottom: 30px !important;}&#8220;][vc_row_inner css=&#8220;.vc_custom_1418128555232{margin-top: -20px !important;}&#8220;][vc_column_inner][vc_custom_heading text=&#8220;Paulo Mansour&#8220; font_container=&#8220;tag:h4|font_size:20|text_align:center|color:%235f5f5f|line_height:0.5&#8243; use_theme_fonts=&#8220;yes&#8220;][vc_separator color=&#8220;custom&#8220; el_width=&#8220;20&#8243; accent_color=&#8220;#ededed&#8220;][vc_column_text]<\/p>\n<p style=\"text-align: center;\">Tel.: +49 561 \u2013 589 468 -0<br \/>\nE-Mail: <a href=\"mailto:lager@speedlog.de\">lager@speedlog.de<\/a>[\/vc_column_text][\/vc_column_inner][\/vc_row_inner][vc_custom_heading text=&#8220;Empleados en formaci\u00f3n&#8220; font_container=&#8220;tag:h3|text_align:center|color:%23083986|line_height:1&#8243; use_theme_fonts=&#8220;yes&#8220; css=&#8220;.vc_custom_1700739637046{padding-top: 30px !important;}&#8220;][vc_separator color=&#8220;custom&#8220; el_width=&#8220;100&#8243; accent_color=&#8220;#083986&#8243; css=&#8220;.vc_custom_1575276975066{padding-bottom: 30px !important;}&#8220;][vc_row_inner][vc_column_inner width=&#8220;1\/2&#8243;][vc_custom_heading text=&#8220;Elina Tsviashchenko&#8220; font_container=&#8220;tag:h4|font_size:20|text_align:center|color:%235f5f5f|line_height:0.5&#8243; use_theme_fonts=&#8220;yes&#8220;][vc_separator color=&#8220;custom&#8220; el_width=&#8220;20&#8243; accent_color=&#8220;#ededed&#8220;][\/vc_column_inner][vc_column_inner width=&#8220;1\/2&#8243;][vc_custom_heading text=&#8220;Christian Nano&#8220; font_container=&#8220;tag:h4|font_size:20|text_align:center|color:%235f5f5f|line_height:0.5&#8243; use_theme_fonts=&#8220;yes&#8220;][vc_separator color=&#8220;custom&#8220; el_width=&#8220;20&#8243; accent_color=&#8220;#ededed&#8220;][\/vc_column_inner][\/vc_row_inner][vc_row_inner][vc_column_inner][vc_separator color=&#8220;custom&#8220; el_width=&#8220;20&#8243; accent_color=&#8220;#ededed&#8220;][\/vc_column_inner][\/vc_row_inner][\/vc_column][\/vc_row]<\/p>\n","protected":false},"excerpt":{"rendered":"<p>[vc_row full_width=&#8220;stretch_row&#8220; content_placement=&#8220;middle&#8220; css=&#8220;.vc_custom_1543223866492{margin-bottom: 0px !important;padding-top: 150px !important;padding-bottom: 138px !important;background-image: url(https:\/\/speedlog.de\/wp-content\/uploads\/2016\/12\/speedlog-landtransport-bg.jpg?id=2811) !important;}&#8220;][vc_column][vc_custom_heading text=&#8220;Cont\u00e1ctenos &#8211; Su persona de contacto en Speedlog&#8220; font_container=&#8220;tag:h2|text_align:center|color:%23ffffff|line_height:1&#8243; use_theme_fonts=&#8220;yes&#8220;][\/vc_column][\/vc_row][vc_row full_width=&#8220;stretch_row&#8220; overlay_color=&#8220;#1c1c1c&#8220; overlay_color_opacity=&#8220;40&#8243; overlay_pattern=&#8220;143&#8243; overlay_pattern_opacity=&#8220;50&#8243; css=&#8220;.vc_custom_1484559710781{margin-top: 0px !important;margin-bottom: 0px !important;padding-top: 60px !important;padding-bottom: 60px !important;background-image: url(http:\/\/mpctest2.wpengine.com\/wp-content\/uploads\/2014\/12\/05.jpg?id=112) !important;}&#8220; toc_id=&#8220;contact&#8220; bg_image_fb=&#8220;112&#8243; el_class=&#8220;gray-arrow&#8220;][vc_column][vc_row_inner css=&#8220;.vc_custom_1418288105829{margin-bottom: -30px !important;}&#8220;][vc_column_inner][vc_custom_heading text=&#8220;Recibimos con mucho gusto su mensaje&#8220; font_container=&#8220;tag:h2|text_align:center|color:%23083986|line_height:1&#8243; use_theme_fonts=&#8220;yes&#8220;][\/vc_column_inner][\/vc_row_inner][vc_row_inner css=&#8220;.vc_custom_1418288125951{margin-bottom: -30px !important;}&#8220;][vc_column_inner][vc_separator&#8230;<\/p>\n","protected":false},"author":1,"featured_media":0,"parent":0,"menu_order":0,"comment_status":"closed","ping_status":"closed","template":"template-fullwidth.php","meta":{"footnotes":""},"_links":{"self":[{"href":"https:\/\/speedlog.de\/es\/wp-json\/wp\/v2\/pages\/3186"}],"collection":[{"href":"https:\/\/speedlog.de\/es\/wp-json\/wp\/v2\/pages"}],"about":[{"href":"https:\/\/speedlog.de\/es\/wp-json\/wp\/v2\/types\/page"}],"author":[{"embeddable":true,"href":"https:\/\/speedlog.de\/es\/wp-json\/wp\/v2\/users\/1"}],"replies":[{"embeddable":true,"href":"https:\/\/speedlog.de\/es\/wp-json\/wp\/v2\/comments?post=3186"}],"version-history":[{"count":39,"href":"https:\/\/speedlog.de\/es\/wp-json\/wp\/v2\/pages\/3186\/revisions"}],"predecessor-version":[{"id":3395,"href":"https:\/\/speedlog.de\/es\/wp-json\/wp\/v2\/pages\/3186\/revisions\/3395"}],"wp:attachment":[{"href":"https:\/\/speedlog.de\/es\/wp-json\/wp\/v2\/media?parent=3186"}],"curies":[{"name":"wp","href":"https:\/\/api.w.org\/{rel}","templated":true}]}}